{"id":5504,"date":"2024-06-12T18:03:24","date_gmt":"2024-06-12T23:03:24","guid":{"rendered":"http:\/\/grupopitti.com\/?page_id=5504"},"modified":"2024-09-25T20:09:13","modified_gmt":"2024-09-26T01:09:13","slug":"contact-us","status":"publish","type":"page","link":"https:\/\/grupopitti.com\/en\/contact-us\/","title":{"rendered":"Contact"},"content":{"rendered":"<div class=\"wp-block-uagb-container uag-hide-mob uagb-block-d216e6f7 alignfull uagb-is-root-container\"><div class=\"uagb-container-inner-blocks-wrap\">\n<div class=\"wp-block-uagb-container uagb-block-400fabb8 alignfull uagb-is-root-container\"><div class=\"uagb-container-inner-blocks-wrap\">\n<div class=\"wp-block-uagb-advanced-heading uagb-block-7286dcf8\"><h1 class=\"uagb-heading-text\">Get in Touch with Us<\/h1><\/div>\n\n\n\n<div class=\"wp-block-uagb-advanced-heading uagb-block-37cfa859\"><p class=\"uagb-heading-text\">We are excited about the opportunity to offer you our assistance.<\/p><\/div>\n<\/div><\/div>\n<\/div><\/div>\n\n\n\n<div class=\"wp-block-uagb-container uag-hide-desktop uag-hide-tab uagb-block-67dd33ef alignfull uagb-is-root-container\"><div class=\"uagb-container-inner-blocks-wrap\">\n<div class=\"wp-block-uagb-container uagb-block-939fd4d9 alignfull uagb-is-root-container\"><div class=\"uagb-container-inner-blocks-wrap\">\n<div class=\"wp-block-uagb-advanced-heading uagb-block-2a9b2fa9\"><h1 class=\"uagb-heading-text\">Get in Touch with Us<\/h1><\/div>\n\n\n\n<div class=\"wp-block-uagb-advanced-heading uagb-block-943a9bbc\"><p class=\"uagb-heading-text\">We are excited about the opportunity to offer you our assistance.<\/p><\/div>\n<\/div><\/div>\n<\/div><\/div>\n\n\n\n<div class=\"wp-block-uagb-container uagb-block-f55e8c40 alignfull uagb-is-root-container\"><div class=\"uagb-container-inner-blocks-wrap\"><\/div><\/div>\n\n\n\n<div class=\"wp-block-uagb-container uagb-block-69353a59 alignfull uagb-is-root-container\"><div class=\"uagb-container-inner-blocks-wrap\">\n<div class=\"wp-block-uagb-advanced-heading uagb-block-1a615498\"><h2 class=\"uagb-heading-text\">Find in Grupo Pitti your strategic partner for all your construction projects. Our team is ready to address your concerns and provide you with the assistance you need.<\/h2><\/div>\n\n\n\n<div class=\"wp-block-uagb-advanced-heading uagb-block-a076af27\"><h2 class=\"uagb-heading-text\">Start Making Your Projects Happen!<\/h2><\/div>\n<\/div><\/div>\n\n\n\n<div class=\"wp-block-uagb-container uagb-block-5baf3a1a alignfull uagb-is-root-container\"><div class=\"uagb-container-inner-blocks-wrap\"><\/div><\/div>\n\n\n\n<div class=\"wp-block-uagb-container uagb-block-20d9afab alignfull uagb-is-root-container\"><div class=\"uagb-container-inner-blocks-wrap\">\n<div class=\"wp-block-uagb-container uagb-block-0017a85f\">\n<div class=\"wp-block-uagb-container uagb-block-2e4ffaf5\">      \n\t\t\t<div class=\"uagb-icon-wrapper uagb-block-6c0ed8a5\"\n\t\t\tstyle=\"\" >\n\t\t\t\t\t\t\t\t\t<span class=\"uagb-svg-wrapper\" \n\t\t\t\t\t aria-label=\"envelope-circle-check\"\t\t\t\t\ttabindex=\"0\">\t\t\n\t\t\t\t\t\t\t\t\t\t<svg xmlns=\"https:\/\/www.w3.org\/2000\/svg\" viewbox= \"0 0 640 512\" role=\"graphics-symbol\" aria-hidden=\"false\" aria-label=\"\"><path d=\"M464 64C490.5 64 512 85.49 512 112C512 127.1 504.9 141.3 492.8 150.4L478.9 160.8C412.3 167.2 356.5 210.8 332.6 270.6L275.2 313.6C263.8 322.1 248.2 322.1 236.8 313.6L19.2 150.4C7.113 141.3 0 127.1 0 112C0 85.49 21.49 64 48 64H464zM294.4 339.2L320.8 319.4C320.3 324.9 320 330.4 320 336C320 378.5 335.1 417.6 360.2 448H64C28.65 448 0 419.3 0 384V176L217.6 339.2C240.4 356.3 271.6 356.3 294.4 339.2zM640 336C640 415.5 575.5 480 496 480C416.5 480 352 415.5 352 336C352 256.5 416.5 192 496 192C575.5 192 640 256.5 640 336zM540.7 292.7L480 353.4L451.3 324.7C445.1 318.4 434.9 318.4 428.7 324.7C422.4 330.9 422.4 341.1 428.7 347.3L468.7 387.3C474.9 393.6 485.1 393.6 491.3 387.3L563.3 315.3C569.6 309.1 569.6 298.9 563.3 292.7C557.1 286.4 546.9 286.4 540.7 292.7H540.7z\"><\/path><\/svg>\n\t\t\t\t\t\t\t\t\t<\/span>\n\t\t\t\t\t\t\t<\/div>\n\t\t\t\n\n\n<div class=\"wp-block-uagb-advanced-heading uagb-block-40050910\"><h2 class=\"uagb-heading-text\">Send us an email to: <\/h2><div class=\"uagb-separator\"><\/div><\/div>\n\n\n\n<div class=\"wp-block-uagb-advanced-heading uagb-block-d595a67e\"><h2 class=\"uagb-heading-text\">edwin@grupopitti.com<\/h2><\/div>\n<\/div>\n\n\n\n<div class=\"wp-block-uagb-container uagb-block-1853bbe5\">      \n\t\t\t<div class=\"uagb-icon-wrapper uagb-block-777bbdc4\"\n\t\t\tstyle=\"\" >\n\t\t\t\t\t\t\t\t\t<span class=\"uagb-svg-wrapper\" \n\t\t\t\t\t aria-label=\"whatsapp\"\t\t\t\t\ttabindex=\"0\">\t\t\n\t\t\t\t\t\t\t\t\t\t<svg xmlns=\"https:\/\/www.w3.org\/2000\/svg\" viewbox= \"0 0 448 512\" role=\"graphics-symbol\" aria-hidden=\"false\" aria-label=\"\"><path d=\"M380.9 97.1C339 55.1 283.2 32 223.9 32c-122.4 0-222 99.6-222 222 0 39.1 10.2 77.3 29.6 111L0 480l117.7-30.9c32.4 17.7 68.9 27 106.1 27h.1c122.3 0 224.1-99.6 224.1-222 0-59.3-25.2-115-67.1-157zm-157 341.6c-33.2 0-65.7-8.9-94-25.7l-6.7-4-69.8 18.3L72 359.2l-4.4-7c-18.5-29.4-28.2-63.3-28.2-98.2 0-101.7 82.8-184.5 184.6-184.5 49.3 0 95.6 19.2 130.4 54.1 34.8 34.9 56.2 81.2 56.1 130.5 0 101.8-84.9 184.6-186.6 184.6zm101.2-138.2c-5.5-2.8-32.8-16.2-37.9-18-5.1-1.9-8.8-2.8-12.5 2.8-3.7 5.6-14.3 18-17.6 21.8-3.2 3.7-6.5 4.2-12 1.4-32.6-16.3-54-29.1-75.5-66-5.7-9.8 5.7-9.1 16.3-30.3 1.8-3.7 .9-6.9-.5-9.7-1.4-2.8-12.5-30.1-17.1-41.2-4.5-10.8-9.1-9.3-12.5-9.5-3.2-.2-6.9-.2-10.6-.2-3.7 0-9.7 1.4-14.8 6.9-5.1 5.6-19.4 19-19.4 46.3 0 27.3 19.9 53.7 22.6 57.4 2.8 3.7 39.1 59.7 94.8 83.8 35.2 15.2 49 16.5 66.6 13.9 10.7-1.6 32.8-13.4 37.4-26.4 4.6-13 4.6-24.1 3.2-26.4-1.3-2.5-5-3.9-10.5-6.6z\"><\/path><\/svg>\n\t\t\t\t\t\t\t\t\t<\/span>\n\t\t\t\t\t\t\t<\/div>\n\t\t\t\n\n\n<div class=\"wp-block-uagb-advanced-heading uagb-block-f3bde8b4\"><h2 class=\"uagb-heading-text\">Give us a call: <\/h2><div class=\"uagb-separator\"><\/div><\/div>\n\n\n\n<div class=\"wp-block-uagb-advanced-heading uagb-block-55cff972\"><h2 class=\"uagb-heading-text\">+507 6634-3797<\/h2><\/div>\n<\/div>\n\n\n\n<div class=\"wp-block-uagb-container uagb-block-cabcca30\">      \n\t\t\t<div class=\"uagb-icon-wrapper uagb-block-2c634ca4\"\n\t\t\tstyle=\"\" >\n\t\t\t\t\t\t\t\t\t<span class=\"uagb-svg-wrapper\" \n\t\t\t\t\t aria-label=\"map-location-dot\"\t\t\t\t\ttabindex=\"0\">\t\t\n\t\t\t\t\t\t\t\t\t\t<svg xmlns=\"https:\/\/www.w3.org\/2000\/svg\" viewbox= \"0 0 576 512\" role=\"graphics-symbol\" aria-hidden=\"false\" aria-label=\"\"><path d=\"M408 120C408 174.6 334.9 271.9 302.8 311.1C295.1 321.6 280.9 321.6 273.2 311.1C241.1 271.9 168 174.6 168 120C168 53.73 221.7 0 288 0C354.3 0 408 53.73 408 120zM288 152C310.1 152 328 134.1 328 112C328 89.91 310.1 72 288 72C265.9 72 248 89.91 248 112C248 134.1 265.9 152 288 152zM425.6 179.8C426.1 178.6 426.6 177.4 427.1 176.1L543.1 129.7C558.9 123.4 576 135 576 152V422.8C576 432.6 570 441.4 560.9 445.1L416 503V200.4C419.5 193.5 422.7 186.7 425.6 179.8zM150.4 179.8C153.3 186.7 156.5 193.5 160 200.4V451.8L32.91 502.7C17.15 508.1 0 497.4 0 480.4V209.6C0 199.8 5.975 190.1 15.09 187.3L137.6 138.3C140 152.5 144.9 166.6 150.4 179.8H150.4zM327.8 331.1C341.7 314.6 363.5 286.3 384 255V504.3L192 449.4V255C212.5 286.3 234.3 314.6 248.2 331.1C268.7 357.6 307.3 357.6 327.8 331.1L327.8 331.1z\"><\/path><\/svg>\n\t\t\t\t\t\t\t\t\t<\/span>\n\t\t\t\t\t\t\t<\/div>\n\t\t\t\n\n\n<div class=\"wp-block-uagb-advanced-heading uagb-block-3237cbd3\"><h2 class=\"uagb-heading-text\">Our Office: <\/h2><div class=\"uagb-separator\"><\/div><\/div>\n\n\n\n<div class=\"wp-block-uagb-advanced-heading uagb-block-ea168602\"><h2 class=\"uagb-heading-text\">La Chorrera, Panam\u00e1<\/h2><\/div>\n<\/div>\n<\/div>\n<\/div><\/div>\n\n\n\n<div class=\"wp-block-uagb-container uagb-block-d654b5f9 alignfull uagb-is-root-container\"><div class=\"uagb-container-inner-blocks-wrap\"><\/div><\/div>\n\n\n\n<div class=\"wp-block-uagb-container uagb-block-e9ebf8b4 alignfull uagb-is-root-container\"><div class=\"uagb-container-inner-blocks-wrap\">\n<div class=\"wp-block-uagb-container uagb-block-d9fb47ba\">\n<div class=\"wp-block-uagb-advanced-heading uagb-block-42e7ddbd\"><h2 class=\"uagb-heading-text\">Fill out the form<\/h2><\/div>\n\n\n<div class=\"wpforms-container wpforms-container-full hoverwpform wpforms-block wpforms-block-1c069b82-30f2-43f3-b9da-4600c6853eb4\" id=\"wpforms-3464\"><form id=\"wpforms-form-3464\" class=\"wpforms-validate wpforms-form wpforms-ajax-form\" data-formid=\"3464\" method=\"post\" enctype=\"multipart\/form-data\" action=\"\/en\/wp-json\/wp\/v2\/pages\/5504\" data-token=\"6366132376a9187593bfbc39e3aebc6b\" data-token-time=\"1776294972\" data-trp-original-action=\"\/en\/wp-json\/wp\/v2\/pages\/5504\"><noscript class=\"wpforms-error-noscript\">Please enable JavaScript in your browser to complete this form.<\/noscript><div class=\"wpforms-field-container\"><div id=\"wpforms-3464-field_0-container\" class=\"wpforms-field wpforms-field-name\" data-field-id=\"0\"><label class=\"wpforms-field-label\" for=\"wpforms-3464-field_0\">Name or Company <span class=\"wpforms-required-label\">*<\/span><\/label><input type=\"text\" id=\"wpforms-3464-field_0\" class=\"wpforms-field-large wpforms-field-required\" name=\"wpforms[fields][0]\" required><\/div><div id=\"wpforms-3464-field_1-container\" class=\"wpforms-field wpforms-field-email\" data-field-id=\"1\"><label class=\"wpforms-field-label\" for=\"wpforms-3464-field_1\">Email <span class=\"wpforms-required-label\">*<\/span><\/label><input type=\"email\" id=\"wpforms-3464-field_1\" class=\"wpforms-field-large wpforms-field-required\" name=\"wpforms[fields][1]\" spellcheck=\"false\" required><\/div><div id=\"wpforms-3464-field_6-container\" class=\"wpforms-field wpforms-field-number\" data-field-id=\"6\"><label class=\"wpforms-field-label\" for=\"wpforms-3464-field_6\">Phone<\/label><input type=\"number\" id=\"wpforms-3464-field_6\" class=\"wpforms-field-large\" name=\"wpforms[fields][6]\" step=\"any\" ><\/div><div id=\"wpforms-3464-field_8-container\" class=\"wpforms-field wpforms-field-checkbox wpforms-list-2-columns\" data-field-id=\"8\"><label class=\"wpforms-field-label\">Service Selection <span class=\"wpforms-required-label\">*<\/span><\/label><ul id=\"wpforms-3464-field_8\" class=\"wpforms-field-required\"><li class=\"choice-1 depth-1\"><input type=\"checkbox\" id=\"wpforms-3464-field_8_1\" name=\"wpforms[fields][8][]\" value=\"Construcci\u00f3n Civil\" required><label class=\"wpforms-field-label-inline\" for=\"wpforms-3464-field_8_1\">Civil Construction<\/label><\/li><li class=\"choice-2 depth-1\"><input type=\"checkbox\" id=\"wpforms-3464-field_8_2\" name=\"wpforms[fields][8][]\" value=\"Movimiento de Tierra\" required><label class=\"wpforms-field-label-inline\" for=\"wpforms-3464-field_8_2\">Earth movement<\/label><\/li><li class=\"choice-3 depth-1\"><input type=\"checkbox\" id=\"wpforms-3464-field_8_3\" name=\"wpforms[fields][8][]\" value=\"Planta de Tratamiento\" required><label class=\"wpforms-field-label-inline\" for=\"wpforms-3464-field_8_3\">Treatment Plant<\/label><\/li><li class=\"choice-4 depth-1\"><input type=\"checkbox\" id=\"wpforms-3464-field_8_4\" name=\"wpforms[fields][8][]\" value=\"Sistemas de Contenci\u00f3n\" required><label class=\"wpforms-field-label-inline\" for=\"wpforms-3464-field_8_4\">Containment Systems<\/label><\/li><li class=\"choice-5 depth-1\"><input type=\"checkbox\" id=\"wpforms-3464-field_8_5\" name=\"wpforms[fields][8][]\" value=\"Defensas Costeras\" required><label class=\"wpforms-field-label-inline\" for=\"wpforms-3464-field_8_5\">Coastal Defenses<\/label><\/li><li class=\"choice-6 depth-1\"><input type=\"checkbox\" id=\"wpforms-3464-field_8_6\" name=\"wpforms[fields][8][]\" value=\"Otro\" required><label class=\"wpforms-field-label-inline\" for=\"wpforms-3464-field_8_6\">Other<\/label><\/li><\/ul><\/div><div id=\"wpforms-3464-field_2-container\" class=\"wpforms-field wpforms-field-textarea\" data-field-id=\"2\"><label class=\"wpforms-field-label\" for=\"wpforms-3464-field_2\">Service Description <span class=\"wpforms-required-label\">*<\/span><\/label><textarea id=\"wpforms-3464-field_2\" class=\"wpforms-field-medium wpforms-field-required\" name=\"wpforms[fields][2]\" required><\/textarea><\/div><div id=\"wpforms-3464-field_7-container\" class=\"wpforms-field wpforms-field-checkbox\" data-field-id=\"7\"><ul id=\"wpforms-3464-field_7\" class=\"wpforms-field-required\"><li class=\"choice-1 depth-1\"><input type=\"checkbox\" id=\"wpforms-3464-field_7_1\" name=\"wpforms[fields][7][]\" value=\"Acepto la &lt;a href=&quot;http:\/\/grupopitti.com\/politica-de-privacida\/&quot; rel=&quot;nofollow&quot; target=&quot;_blank&quot;&gt;Pol\u00edtica de Privacidad&lt;\/a&gt;\" required><label class=\"wpforms-field-label-inline\" for=\"wpforms-3464-field_7_1\">I accept the <a href=\"http:\/\/grupopitti.com\/en\/politica-de-privacida\/\" rel=\"nofollow\" target=\"_blank\">Privacy Policy<\/a><\/label><\/li><\/ul><\/div><\/div><!-- .wpforms-field-container --><div class=\"wpforms-submit-container\" ><input type=\"hidden\" name=\"wpforms[id]\" value=\"3464\"><input type=\"hidden\" name=\"page_title\" value=\"\"><input type=\"hidden\" name=\"page_url\" value=\"https:\/\/grupopitti.com\/en\/wp-json\/wp\/v2\/pages\/5504\"><input type=\"hidden\" name=\"url_referer\" value=\"https:\/\/grupopitti.com\/en\/contacto\/\"><button type=\"submit\" name=\"wpforms[submit]\" id=\"wpforms-submit-3464\" class=\"wpforms-submit\" data-alt-text=\"Enviando...\" data-submit-text=\"Enviar\" aria-live=\"assertive\" value=\"wpforms-submit\">Send<\/button><img decoding=\"async\" src=\"https:\/\/grupopitti.com\/wp-content\/plugins\/wpforms-lite\/assets\/images\/submit-spin.svg\" class=\"wpforms-submit-spinner\" style=\"display: none;\" width=\"26\" height=\"26\" alt=\"Loading\"><\/div><input type=\"hidden\" name=\"trp-form-language\" value=\"en\"\/><\/form><\/div>  <!-- .wpforms-container --><\/div>\n\n\n\n<div class=\"wp-block-uagb-container uagb-block-101404fa\">\n<div class=\"wp-block-uagb-advanced-heading uagb-block-e4286246\"><h2 class=\"uagb-heading-text\">We are here to help<\/h2><\/div>\n\n\n\n<div class=\"wp-block-uagb-advanced-heading uagb-block-cf7dc824\"><h2 class=\"uagb-heading-text\">Find our main office in the beautiful city located in the La Chorrera region of Panama. We are ready to assist you.<\/h2><\/div>\n\n\n\n<div class=\"wp-block-uagb-advanced-heading uagb-block-afb348f6\"><h2 class=\"uagb-heading-text\">Office La Chorrera<\/h2><\/div>\n\n\n\n<iframe src=\"https:\/\/www.google.com\/maps\/embed?pb=!1m18!1m12!1m3!1d3940.888742415363!2d-79.522444524932!3d8.98238448971679!2m3!1f0!2f0!3f0!3m2!1i1024!2i768!4f13.1!3m3!1m2!1s0x8faca9674343317d%3A0xcecbe26f5be7e51a!2sChorrera%20ciudad%20de%20Panam%C3%A1!5e0!3m2!1ses-419!2spa!4v1696454854836!5m2!1ses-419!2spa\" width=\"600\" height=\"450\" style=\"border:0;\" allowfullscreen=\"\" loading=\"lazy\" referrerpolicy=\"no-referrer-when-downgrade\"><\/iframe>\n<\/div>\n<\/div><\/div>\n\n\n\n<div class=\"wp-block-uagb-container uagb-block-355f5955 alignfull uagb-is-root-container\"><div class=\"uagb-container-inner-blocks-wrap\"><\/div><\/div>","protected":false},"excerpt":{"rendered":"<p>Get in Touch with Us We are excited about the opportunity to offer you our assistance. Get in Touch with Us We are excited about the opportunity to offer you our assistance. Find in Grupo Pitti your strategic partner for all your construction projects. Our team is ready to address your concerns and provide you [&hellip;]<\/p>","protected":false},"author":1,"featured_media":0,"parent":0,"menu_order":0,"comment_status":"closed","ping_status":"closed","template":"","meta":{"_eb_attr":"","_uag_custom_page_level_css":"","site-sidebar-layout":"default","site-content-layout":"","ast-site-content-layout":"default","site-content-style":"default","site-sidebar-style":"default","ast-global-header-display":"","ast-banner-title-visibility":"","ast-main-header-display":"","ast-hfb-above-header-display":"","ast-hfb-below-header-display":"","ast-hfb-mobile-header-display":"","site-post-title":"","ast-breadcrumbs-content":"","ast-featured-img":"","footer-sml-layout":"","theme-transparent-header-meta":"","adv-header-id-meta":"","stick-header-meta":"","header-above-stick-meta":"","header-main-stick-meta":"","header-below-stick-meta":"","astra-migrate-meta-layouts":"default","ast-page-background-enabled":"default","ast-page-background-meta":{"desktop":{"background-color":"var(--ast-global-color-4)","background-image":"","background-repeat":"repeat","background-position":"center center","background-size":"auto","background-attachment":"scroll","background-type":"","background-media":"","overlay-type":"","overlay-color":"","overlay-opacity":"","overlay-gradient":""},"tablet":{"background-color":"","background-image":"","background-repeat":"repeat","background-position":"center center","background-size":"auto","background-attachment":"scroll","background-type":"","background-media":"","overlay-type":"","overlay-color":"","overlay-opacity":"","overlay-gradient":""},"mobile":{"background-color":"","background-image":"","background-repeat":"repeat","background-position":"center center","background-size":"auto","background-attachment":"scroll","background-type":"","background-media":"","overlay-type":"","overlay-color":"","overlay-opacity":"","overlay-gradient":""}},"ast-content-background-meta":{"desktop":{"background-color":"var(--ast-global-color-5)","background-image":"","background-repeat":"repeat","background-position":"center center","background-size":"auto","background-attachment":"scroll","background-type":"","background-media":"","overlay-type":"","overlay-color":"","overlay-opacity":"","overlay-gradient":""},"tablet":{"background-color":"var(--ast-global-color-5)","background-image":"","background-repeat":"repeat","background-position":"center center","background-size":"auto","background-attachment":"scroll","background-type":"","background-media":"","overlay-type":"","overlay-color":"","overlay-opacity":"","overlay-gradient":""},"mobile":{"background-color":"var(--ast-global-color-5)","background-image":"","background-repeat":"repeat","background-position":"center center","background-size":"auto","background-attachment":"scroll","background-type":"","background-media":"","overlay-type":"","overlay-color":"","overlay-opacity":"","overlay-gradient":""}},"footnotes":""},"class_list":["post-5504","page","type-page","status-publish","hentry"],"yoast_head":"<!-- This site is optimized with the Yoast SEO plugin v25.5 - https:\/\/yoast.com\/wordpress\/plugins\/seo\/ -->\n<title>Contact &#8212; grupopitti<\/title>\n<meta name=\"description\" content=\"Cont\u00e1ctanos para Comenzar Tu Pr\u00f3ximo Proyecto de Construcci\u00f3n. Si deseas obtener un presupuesto o hablar sobre nuestros servicios de construcci\u00f3n y proyectos costeros, no dudes en ponerte en contacto con nosotros.\" \/>\n<meta name=\"robots\" content=\"index, follow, max-snippet:-1, max-image-preview:large, max-video-preview:-1\" \/>\n<link rel=\"canonical\" href=\"https:\/\/grupopitti.com\/en\/contact-us\/\" \/>\n<meta property=\"og:locale\" content=\"en_US\" \/>\n<meta property=\"og:type\" content=\"article\" \/>\n<meta property=\"og:title\" content=\"Contact &#8212; grupopitti\" \/>\n<meta property=\"og:description\" content=\"Cont\u00e1ctanos para Comenzar Tu Pr\u00f3ximo Proyecto de Construcci\u00f3n. Si deseas obtener un presupuesto o hablar sobre nuestros servicios de construcci\u00f3n y proyectos costeros, no dudes en ponerte en contacto con nosotros.\" \/>\n<meta property=\"og:url\" content=\"https:\/\/grupopitti.com\/en\/contact-us\/\" \/>\n<meta property=\"og:site_name\" content=\"grupopitti\" \/>\n<meta property=\"article:modified_time\" content=\"2024-09-26T01:09:13+00:00\" \/>\n<meta name=\"twitter:card\" content=\"summary_large_image\" \/>\n<meta name=\"twitter:label1\" content=\"Est. reading time\" \/>\n\t<meta name=\"twitter:data1\" content=\"1 minute\" \/>\n<script type=\"application\/ld+json\" class=\"yoast-schema-graph\">{\"@context\":\"https:\/\/schema.org\",\"@graph\":[{\"@type\":\"WebPage\",\"@id\":\"https:\/\/grupopitti.com\/contact-us\/\",\"url\":\"https:\/\/grupopitti.com\/contact-us\/\",\"name\":\"Contact &#8212; grupopitti\",\"isPartOf\":{\"@id\":\"https:\/\/grupopitti.com\/#website\"},\"datePublished\":\"2024-06-12T23:03:24+00:00\",\"dateModified\":\"2024-09-26T01:09:13+00:00\",\"description\":\"Cont\u00e1ctanos para Comenzar Tu Pr\u00f3ximo Proyecto de Construcci\u00f3n. Si deseas obtener un presupuesto o hablar sobre nuestros servicios de construcci\u00f3n y proyectos costeros, no dudes en ponerte en contacto con nosotros.\",\"breadcrumb\":{\"@id\":\"https:\/\/grupopitti.com\/contact-us\/#breadcrumb\"},\"inLanguage\":\"en-US\",\"potentialAction\":[{\"@type\":\"ReadAction\",\"target\":[\"https:\/\/grupopitti.com\/contact-us\/\"]}]},{\"@type\":\"BreadcrumbList\",\"@id\":\"https:\/\/grupopitti.com\/contact-us\/#breadcrumb\",\"itemListElement\":[{\"@type\":\"ListItem\",\"position\":1,\"name\":\"Portada\",\"item\":\"https:\/\/grupopitti.com\/\"},{\"@type\":\"ListItem\",\"position\":2,\"name\":\"Contact\"}]},{\"@type\":\"WebSite\",\"@id\":\"https:\/\/grupopitti.com\/#website\",\"url\":\"https:\/\/grupopitti.com\/\",\"name\":\"grupopitti\",\"description\":\"Empresa de Construcci\u00f3n\",\"publisher\":{\"@id\":\"https:\/\/grupopitti.com\/#organization\"},\"alternateName\":\"Constructora Pitti\",\"potentialAction\":[{\"@type\":\"SearchAction\",\"target\":{\"@type\":\"EntryPoint\",\"urlTemplate\":\"https:\/\/grupopitti.com\/?s={search_term_string}\"},\"query-input\":{\"@type\":\"PropertyValueSpecification\",\"valueRequired\":true,\"valueName\":\"search_term_string\"}}],\"inLanguage\":\"en-US\"},{\"@type\":\"Organization\",\"@id\":\"https:\/\/grupopitti.com\/#organization\",\"name\":\"grupopitti\",\"url\":\"https:\/\/grupopitti.com\/\",\"logo\":{\"@type\":\"ImageObject\",\"inLanguage\":\"en-US\",\"@id\":\"https:\/\/grupopitti.com\/#\/schema\/logo\/image\/\",\"url\":\"https:\/\/grupopitti.com\/wp-content\/uploads\/2023\/02\/LogoGrupoP.png\",\"contentUrl\":\"https:\/\/grupopitti.com\/wp-content\/uploads\/2023\/02\/LogoGrupoP.png\",\"width\":350,\"height\":57,\"caption\":\"grupopitti\"},\"image\":{\"@id\":\"https:\/\/grupopitti.com\/#\/schema\/logo\/image\/\"},\"sameAs\":[\"https:\/\/www.instagram.com\/grupo.pitti\/\"]}]}<\/script>\n<!-- \/ Yoast SEO plugin. -->","yoast_head_json":{"title":"Contact &#8212; grupopitti","description":"Cont\u00e1ctanos para Comenzar Tu Pr\u00f3ximo Proyecto de Construcci\u00f3n. Si deseas obtener un presupuesto o hablar sobre nuestros servicios de construcci\u00f3n y proyectos costeros, no dudes en ponerte en contacto con nosotros.","robots":{"index":"index","follow":"follow","max-snippet":"max-snippet:-1","max-image-preview":"max-image-preview:large","max-video-preview":"max-video-preview:-1"},"canonical":"https:\/\/grupopitti.com\/en\/contact-us\/","og_locale":"en_US","og_type":"article","og_title":"Contact &#8212; grupopitti","og_description":"Cont\u00e1ctanos para Comenzar Tu Pr\u00f3ximo Proyecto de Construcci\u00f3n. Si deseas obtener un presupuesto o hablar sobre nuestros servicios de construcci\u00f3n y proyectos costeros, no dudes en ponerte en contacto con nosotros.","og_url":"https:\/\/grupopitti.com\/en\/contact-us\/","og_site_name":"grupopitti","article_modified_time":"2024-09-26T01:09:13+00:00","twitter_card":"summary_large_image","twitter_misc":{"Est. reading time":"1 minute"},"schema":{"@context":"https:\/\/schema.org","@graph":[{"@type":"WebPage","@id":"https:\/\/grupopitti.com\/contact-us\/","url":"https:\/\/grupopitti.com\/contact-us\/","name":"Contact &#8212; grupopitti","isPartOf":{"@id":"https:\/\/grupopitti.com\/#website"},"datePublished":"2024-06-12T23:03:24+00:00","dateModified":"2024-09-26T01:09:13+00:00","description":"Cont\u00e1ctanos para Comenzar Tu Pr\u00f3ximo Proyecto de Construcci\u00f3n. Si deseas obtener un presupuesto o hablar sobre nuestros servicios de construcci\u00f3n y proyectos costeros, no dudes en ponerte en contacto con nosotros.","breadcrumb":{"@id":"https:\/\/grupopitti.com\/contact-us\/#breadcrumb"},"inLanguage":"en-US","potentialAction":[{"@type":"ReadAction","target":["https:\/\/grupopitti.com\/contact-us\/"]}]},{"@type":"BreadcrumbList","@id":"https:\/\/grupopitti.com\/contact-us\/#breadcrumb","itemListElement":[{"@type":"ListItem","position":1,"name":"Portada","item":"https:\/\/grupopitti.com\/"},{"@type":"ListItem","position":2,"name":"Contact"}]},{"@type":"WebSite","@id":"https:\/\/grupopitti.com\/#website","url":"https:\/\/grupopitti.com\/","name":"grupopitti","description":"Empresa de Construcci\u00f3n","publisher":{"@id":"https:\/\/grupopitti.com\/#organization"},"alternateName":"Constructora Pitti","potentialAction":[{"@type":"SearchAction","target":{"@type":"EntryPoint","urlTemplate":"https:\/\/grupopitti.com\/?s={search_term_string}"},"query-input":{"@type":"PropertyValueSpecification","valueRequired":true,"valueName":"search_term_string"}}],"inLanguage":"en-US"},{"@type":"Organization","@id":"https:\/\/grupopitti.com\/#organization","name":"grupopitti","url":"https:\/\/grupopitti.com\/","logo":{"@type":"ImageObject","inLanguage":"en-US","@id":"https:\/\/grupopitti.com\/#\/schema\/logo\/image\/","url":"https:\/\/grupopitti.com\/wp-content\/uploads\/2023\/02\/LogoGrupoP.png","contentUrl":"https:\/\/grupopitti.com\/wp-content\/uploads\/2023\/02\/LogoGrupoP.png","width":350,"height":57,"caption":"grupopitti"},"image":{"@id":"https:\/\/grupopitti.com\/#\/schema\/logo\/image\/"},"sameAs":["https:\/\/www.instagram.com\/grupo.pitti\/"]}]}},"uagb_featured_image_src":{"full":false,"thumbnail":false,"medium":false,"medium_large":false,"large":false,"1536x1536":false,"2048x2048":false,"trp-custom-language-flag":false},"uagb_author_info":{"display_name":"root","author_link":"https:\/\/grupopitti.com\/en\/author\/root\/"},"uagb_comment_info":0,"uagb_excerpt":"Get in Touch with Us We are excited about the opportunity to offer you our assistance. Get in Touch with Us We are excited about the opportunity to offer you our assistance. Find in Grupo Pitti your strategic partner for all your construction projects. Our team is ready to address your concerns and provide you&hellip;","_links":{"self":[{"href":"https:\/\/grupopitti.com\/en\/wp-json\/wp\/v2\/pages\/5504"}],"collection":[{"href":"https:\/\/grupopitti.com\/en\/wp-json\/wp\/v2\/pages"}],"about":[{"href":"https:\/\/grupopitti.com\/en\/wp-json\/wp\/v2\/types\/page"}],"author":[{"embeddable":true,"href":"https:\/\/grupopitti.com\/en\/wp-json\/wp\/v2\/users\/1"}],"replies":[{"embeddable":true,"href":"https:\/\/grupopitti.com\/en\/wp-json\/wp\/v2\/comments?post=5504"}],"version-history":[{"count":5,"href":"https:\/\/grupopitti.com\/en\/wp-json\/wp\/v2\/pages\/5504\/revisions"}],"predecessor-version":[{"id":5953,"href":"https:\/\/grupopitti.com\/en\/wp-json\/wp\/v2\/pages\/5504\/revisions\/5953"}],"wp:attachment":[{"href":"https:\/\/grupopitti.com\/en\/wp-json\/wp\/v2\/media?parent=5504"}],"curies":[{"name":"wp","href":"https:\/\/api.w.org\/{rel}","templated":true}]}}