{"id":5492,"date":"2024-06-12T18:08:34","date_gmt":"2024-06-12T23:08:34","guid":{"rendered":"http:\/\/grupopitti.com\/?page_id=5492"},"modified":"2024-06-12T18:08:40","modified_gmt":"2024-06-12T23:08:40","slug":"containment-systems-and-treatment-plants","status":"publish","type":"page","link":"https:\/\/grupopitti.com\/en\/containment-systems-and-treatment-plants\/","title":{"rendered":"Containment Systems and Treatment Plants"},"content":{"rendered":"<div class=\"wp-block-uagb-container uag-hide-mob uagb-block-1418b9a8 alignfull uagb-is-root-container\"><div class=\"uagb-container-inner-blocks-wrap\">\n<div class=\"wp-block-uagb-container uagb-block-3f8581e5\">\n<div class=\"wp-block-uagb-advanced-heading uagb-block-1042cd01\"><h2 class=\"uagb-heading-text\">Containment Systems and Treatment Plants<\/h2><\/div>\n<\/div>\n<\/div><\/div>\n\n\n\n<div class=\"wp-block-uagb-container uag-hide-desktop uag-hide-tab uagb-block-50d859b0 alignfull uagb-is-root-container\"><div class=\"uagb-container-inner-blocks-wrap\">\n<div class=\"wp-block-uagb-container uagb-block-cf0dcb48\">\n<div class=\"wp-block-uagb-advanced-heading uagb-block-b5fb7bbd\"><h2 class=\"uagb-heading-text\">Containment Systems and Treatment Plants<\/h2><\/div>\n<\/div>\n<\/div><\/div>\n\n\n\n<div class=\"wp-block-uagb-container uagb-block-d12b5804 alignfull uagb-is-root-container\"><div class=\"uagb-container-inner-blocks-wrap\"><\/div><\/div>\n\n\n\n<div class=\"wp-block-uagb-container uagb-block-745484ea alignfull uagb-is-root-container\"><div class=\"uagb-container-inner-blocks-wrap\">\n<div class=\"wp-block-uagb-container uagb-block-51466a11 alignfull uagb-is-root-container\"><div class=\"uagb-container-inner-blocks-wrap\">\n<div class=\"wp-block-uagb-advanced-heading uagb-block-9d2fd69b\"><p class=\"uagb-desc-text\">Integral Solutions<\/p><p class=\"uagb-heading-text\">Construction and Water Treatment Solutions<\/p><\/div>\n\n\n\n<div class=\"wp-block-uagb-advanced-heading uagb-block-b4765991\"><p class=\"uagb-heading-text\">As leaders in advanced construction, we offer solutions for containment walls and water treatment plants. We design tailor-made plants for municipal and industrial wastewater, with consulting services.<\/p><\/div>\n<\/div><\/div>\n<\/div><\/div>\n\n\n\n<div class=\"wp-block-uagb-container uagb-block-d1be24b9 alignfull uagb-is-root-container\"><div class=\"uagb-container-inner-blocks-wrap\"><\/div><\/div>\n\n\n\n<div class=\"wp-block-uagb-container uagb-block-04a3f153 alignfull uagb-is-root-container\"><div class=\"uagb-container-inner-blocks-wrap\">\n<div class=\"wp-block-uagb-container uagb-block-67b34261\">\n<div class=\"wp-block-uagb-advanced-heading uagb-block-fafb385e\"><h2 class=\"uagb-heading-text\"><strong>Gabion and Geocell Retaining Walls<\/strong><\/h2><p class=\"uagb-desc-text\">Resilience Against Environmental Challenges and Erosion<\/p><\/div>\n\n\n\n<div class=\"wp-block-uagb-advanced-heading uagb-block-ffec02d8\"><p class=\"uagb-heading-text\">We are leaders in implementing innovative and efficient construction solutions. Our gabion and geocell retaining walls represent an advanced and sustainable approach to addressing land stabilization challenges and project protection.<\/p><\/div>\n\n\n\n<div class=\"wp-block-uagb-buttons uagb-buttons__outer-wrap uagb-btn__default-btn uagb-btn-tablet__default-btn uagb-btn-mobile__default-btn uagb-block-68491c35\"><div class=\"uagb-buttons__wrap uagb-buttons-layout-wrap\">\n<div class=\"wp-block-uagb-buttons-child uagb-buttons__outer-wrap uagb-block-414acab5 wp-block-button\"><div class=\"uagb-button__wrapper\"><a class=\"uagb-buttons-repeater wp-block-button__link\" aria-label=\"\" href=\"http:\/\/grupopitti.com\/en\/contacto\/\" rel=\"follow noopener\" target=\"_self\" role=\"button\"><div class=\"uagb-button__link\">Contact us<\/div><\/a><\/div><\/div>\n<\/div><\/div>\n<\/div>\n\n\n\n<div class=\"wp-block-uagb-container uagb-block-ffd88c2a\">\n<div class=\"wp-block-essential-blocks-image-gallery  root-eb-image-gallery-2176lbq\"><div class=\"eb-parent-wrapper eb-parent-eb-image-gallery-2176lbq\"><div class=\"eb-gallery-img-wrapper eb-image-gallery-2176lbq grid overlay-bottom caption-style-2   no-isotope\" data-id=\"eb-image-gallery-2176lbq\"><a href=\"http:\/\/grupopitti.com\/wp-content\/uploads\/2023\/10\/Copitsa3-1.webp\" rel=\"noopener\" data-fslightbox=\"gallery\" data-type=\"image\" class=\"eb-gallery-img-content eb-filter-img-\"><span class=\"eb-gallery-link-wrapper\"><img decoding=\"async\" class=\"eb-gallery-img\" src=\"http:\/\/grupopitti.com\/wp-content\/uploads\/2023\/10\/Copitsa3-1.webp\" image-index=\"0\" alt=\"\"\/><span class=\"eb-gallery-img-caption center middle\">MURO DE CONTENCI\u00d3N DE GAVIONES<\/span><\/span><\/a><a href=\"http:\/\/grupopitti.com\/wp-content\/uploads\/2023\/10\/geoceldas02.webp\" rel=\"noopener\" data-fslightbox=\"gallery\" data-type=\"image\" class=\"eb-gallery-img-content eb-filter-img-\"><span class=\"eb-gallery-link-wrapper\"><img decoding=\"async\" class=\"eb-gallery-img\" src=\"http:\/\/grupopitti.com\/wp-content\/uploads\/2023\/10\/geoceldas02.webp\" image-index=\"1\" alt=\"\"\/><span class=\"eb-gallery-img-caption center middle\">MURO DE CONTENCI\u00d3N DE GEOCELDAS<\/span><\/span><\/a><\/div><\/div><\/div>\n<\/div>\n<\/div><\/div>\n\n\n\n<div class=\"wp-block-uagb-container uagb-block-727361bd alignfull uagb-is-root-container\"><div class=\"uagb-container-inner-blocks-wrap\"><\/div><\/div>\n\n\n\n<div class=\"wp-block-uagb-container uagb-block-b6ba1fc2 alignfull uagb-is-root-container\"><div class=\"uagb-container-inner-blocks-wrap\">\n<div class=\"wp-block-uagb-container uagb-block-2bad3d4a\">\n<div class=\"wp-block-uagb-advanced-heading uagb-block-2d62cf64\"><h2 class=\"uagb-heading-text\">Our Treatment Plants<\/h2><\/div>\n<\/div>\n<\/div><\/div>\n\n\n\n<div class=\"wp-block-uagb-container uagb-block-d6538e8e alignfull uagb-is-root-container\"><div class=\"uagb-container-inner-blocks-wrap\">\n<div class=\"wp-block-columns is-layout-flex wp-container-core-columns-is-layout-1 wp-block-columns-is-layout-flex\">\n<div class=\"wp-block-column is-layout-flow wp-block-column-is-layout-flow\">\n<figure class=\"wp-block-image aligncenter size-full is-resized\"><img fetchpriority=\"high\" decoding=\"async\" width=\"256\" height=\"256\" src=\"http:\/\/grupopitti.com\/wp-content\/uploads\/2023\/09\/Disenoblanco.png\" alt=\"\" class=\"wp-image-4173\" style=\"width:60px;height:60px\" srcset=\"https:\/\/grupopitti.com\/wp-content\/uploads\/2023\/09\/Disenoblanco.png 256w, https:\/\/grupopitti.com\/wp-content\/uploads\/2023\/09\/Disenoblanco-150x150.png 150w\" sizes=\"(max-width: 256px) 100vw, 256px\" \/><\/figure>\n\n\n\n<div class=\"wp-block-uagb-advanced-heading uagb-block-699626a7\"><h5 class=\"uagb-heading-text\">Design<\/h5><\/div>\n<\/div>\n\n\n\n<div class=\"wp-block-column is-layout-flow wp-block-column-is-layout-flow\">\n<figure class=\"wp-block-image aligncenter size-full is-resized\"><img decoding=\"async\" width=\"256\" height=\"256\" src=\"http:\/\/grupopitti.com\/wp-content\/uploads\/2023\/09\/Planificacionblanco.png\" alt=\"\" class=\"wp-image-4174\" style=\"width:60px;height:60px\" srcset=\"https:\/\/grupopitti.com\/wp-content\/uploads\/2023\/09\/Planificacionblanco.png 256w, https:\/\/grupopitti.com\/wp-content\/uploads\/2023\/09\/Planificacionblanco-150x150.png 150w\" sizes=\"(max-width: 256px) 100vw, 256px\" \/><\/figure>\n\n\n\n<div class=\"wp-block-uagb-advanced-heading uagb-block-146d7c9a\"><h5 class=\"uagb-heading-text\">Planning<\/h5><\/div>\n<\/div>\n\n\n\n<div class=\"wp-block-column is-layout-flow wp-block-column-is-layout-flow\">\n<figure class=\"wp-block-image aligncenter size-full is-resized\"><img decoding=\"async\" width=\"256\" height=\"256\" src=\"http:\/\/grupopitti.com\/wp-content\/uploads\/2023\/09\/Icono-disenoblanco.png\" alt=\"\" class=\"wp-image-4176\" style=\"width:60px;height:60px\" srcset=\"https:\/\/grupopitti.com\/wp-content\/uploads\/2023\/09\/Icono-disenoblanco.png 256w, https:\/\/grupopitti.com\/wp-content\/uploads\/2023\/09\/Icono-disenoblanco-150x150.png 150w\" sizes=\"(max-width: 256px) 100vw, 256px\" \/><\/figure>\n\n\n\n<div class=\"wp-block-uagb-advanced-heading uagb-block-79b73bca\"><h5 class=\"uagb-heading-text\">Construction<\/h5><\/div>\n<\/div>\n\n\n\n<div class=\"wp-block-column is-layout-flow wp-block-column-is-layout-flow\">\n<figure class=\"wp-block-image aligncenter size-full is-resized\"><img loading=\"lazy\" decoding=\"async\" width=\"256\" height=\"256\" src=\"http:\/\/grupopitti.com\/wp-content\/uploads\/2023\/09\/Mantenimientoblanco.png\" alt=\"\" class=\"wp-image-4177\" style=\"width:60px;height:60px\" srcset=\"https:\/\/grupopitti.com\/wp-content\/uploads\/2023\/09\/Mantenimientoblanco.png 256w, https:\/\/grupopitti.com\/wp-content\/uploads\/2023\/09\/Mantenimientoblanco-150x150.png 150w\" sizes=\"(max-width: 256px) 100vw, 256px\" \/><\/figure>\n\n\n\n<div class=\"wp-block-uagb-advanced-heading uagb-block-194f29f1\"><h5 class=\"uagb-heading-text\">Maintenance<\/h5><\/div>\n<\/div>\n<\/div>\n<\/div><\/div>\n\n\n\n<div class=\"wp-block-uagb-container uagb-block-d790c5c6 alignfull uagb-is-root-container\"><div class=\"uagb-container-inner-blocks-wrap\"><\/div><\/div>\n\n\n\n<div class=\"wp-block-uagb-container uagb-block-a7c17ae4 alignfull uagb-is-root-container\"><div class=\"uagb-container-inner-blocks-wrap\">\n<div class=\"wp-block-uagb-container uagb-block-fda29b6e\">\n<div class=\"wp-block-essential-blocks-image-gallery  root-eb-image-gallery-uca3tjs\"><div class=\"eb-parent-wrapper eb-parent-eb-image-gallery-uca3tjs\"><div class=\"eb-gallery-img-wrapper eb-image-gallery-uca3tjs masonry overlay-bottom caption-style-0   no-isotope\" data-id=\"eb-image-gallery-uca3tjs\"><a href=\"http:\/\/grupopitti.com\/wp-content\/uploads\/2023\/03\/Plantas-de-tratamiento-1.webp\" rel=\"noopener\" data-fslightbox=\"gallery\" data-type=\"image\" class=\"eb-gallery-img-content eb-filter-img-\"><span class=\"eb-gallery-link-wrapper\"><img decoding=\"async\" class=\"eb-gallery-img\" src=\"http:\/\/grupopitti.com\/wp-content\/uploads\/2023\/03\/Plantas-de-tratamiento-1.webp\" image-index=\"0\" alt=\"\"\/><\/span><\/a><\/div><\/div><\/div>\n<\/div>\n\n\n\n<div class=\"wp-block-uagb-container uagb-block-a70848b2\">\n<div class=\"wp-block-uagb-advanced-heading uagb-block-750120a1\"><h2 class=\"uagb-heading-text\">Customized Wastewater Treatment Solutions<\/h2><p class=\"uagb-desc-text\">We Design Efficient and Sustainable Plants to Meet Your Specific Needs<\/p><\/div>\n\n\n\n<div class=\"wp-block-uagb-advanced-heading uagb-block-af7d6943\"><p class=\"uagb-heading-text\">Based on your specific requirements, we design our treatment plants using advanced technology to achieve efficient and sustainable wastewater treatment. We offer versatile solutions for various applications, ranging from municipal to industrial wastewater treatment. Additionally, we provide specialized consulting services to help identify the optimal solution for your project.<br><br><\/p><\/div>\n\n\n\n<div class=\"wp-block-uagb-buttons uagb-buttons__outer-wrap uagb-btn__default-btn uagb-btn-tablet__default-btn uagb-btn-mobile__default-btn uagb-block-e3e61895\"><div class=\"uagb-buttons__wrap uagb-buttons-layout-wrap\">\n<div class=\"wp-block-uagb-buttons-child uagb-buttons__outer-wrap uagb-block-7319ec87 wp-block-button\"><div class=\"uagb-button__wrapper\"><a class=\"uagb-buttons-repeater wp-block-button__link\" aria-label=\"\" href=\"http:\/\/grupopitti.com\/en\/contacto\/\" rel=\"follow noopener\" target=\"_self\" role=\"button\"><div class=\"uagb-button__link\">Contact us<\/div><\/a><\/div><\/div>\n<\/div><\/div>\n<\/div>\n<\/div><\/div>\n\n\n\n<div class=\"wp-block-uagb-container uagb-block-83f92878 alignfull uagb-is-root-container\"><div class=\"uagb-container-inner-blocks-wrap\">\n<div class=\"wp-block-uagb-advanced-heading uagb-block-a0a4ab0b\"><h2 class=\"uagb-heading-text\">Do you want to carry out your projects? <mark style=\"background-color:rgba(0, 0, 0, 0)\" class=\"has-inline-color has-ast-global-color-1-color\"><a href=\"http:\/\/grupopitti.com\/en\/contact_us\/\">Write to us!<\/a><\/mark> <\/h2><\/div>\n<\/div><\/div>","protected":false},"excerpt":{"rendered":"<p>Containment Systems and Treatment Plants Containment Systems and Treatment Plants Integral Solutions Construction and Water Treatment Solutions As leaders in advanced construction, we offer solutions for containment walls and water treatment plants. We design tailor-made plants for municipal and industrial wastewater, with consulting services. Gabion and Geocell Retaining Walls Resilience Against Environmental Challenges and Erosion [&hellip;]<\/p>","protected":false},"author":1,"featured_media":0,"parent":0,"menu_order":0,"comment_status":"closed","ping_status":"closed","template":"","meta":{"_eb_attr":"","_uag_custom_page_level_css":"","site-sidebar-layout":"default","site-content-layout":"","ast-site-content-layout":"default","site-content-style":"default","site-sidebar-style":"default","ast-global-header-display":"","ast-banner-title-visibility":"","ast-main-header-display":"","ast-hfb-above-header-display":"","ast-hfb-below-header-display":"","ast-hfb-mobile-header-display":"","site-post-title":"disabled","ast-breadcrumbs-content":"","ast-featured-img":"","footer-sml-layout":"","theme-transparent-header-meta":"","adv-header-id-meta":"","stick-header-meta":"","header-above-stick-meta":"","header-main-stick-meta":"","header-below-stick-meta":"","astra-migrate-meta-layouts":"set","ast-page-background-enabled":"default","ast-page-background-meta":{"desktop":{"background-color":"var(--ast-global-color-4)","background-image":"","background-repeat":"repeat","background-position":"center center","background-size":"auto","background-attachment":"scroll","background-type":"","background-media":"","overlay-type":"","overlay-color":"","overlay-opacity":"","overlay-gradient":""},"tablet":{"background-color":"","background-image":"","background-repeat":"repeat","background-position":"center center","background-size":"auto","background-attachment":"scroll","background-type":"","background-media":"","overlay-type":"","overlay-color":"","overlay-opacity":"","overlay-gradient":""},"mobile":{"background-color":"","background-image":"","background-repeat":"repeat","background-position":"center center","background-size":"auto","background-attachment":"scroll","background-type":"","background-media":"","overlay-type":"","overlay-color":"","overlay-opacity":"","overlay-gradient":""}},"ast-content-background-meta":{"desktop":{"background-color":"var(--ast-global-color-5)","background-image":"","background-repeat":"repeat","background-position":"center center","background-size":"auto","background-attachment":"scroll","background-type":"","background-media":"","overlay-type":"","overlay-color":"","overlay-opacity":"","overlay-gradient":""},"tablet":{"background-color":"var(--ast-global-color-5)","background-image":"","background-repeat":"repeat","background-position":"center center","background-size":"auto","background-attachment":"scroll","background-type":"","background-media":"","overlay-type":"","overlay-color":"","overlay-opacity":"","overlay-gradient":""},"mobile":{"background-color":"var(--ast-global-color-5)","background-image":"","background-repeat":"repeat","background-position":"center center","background-size":"auto","background-attachment":"scroll","background-type":"","background-media":"","overlay-type":"","overlay-color":"","overlay-opacity":"","overlay-gradient":""}},"footnotes":""},"class_list":["post-5492","page","type-page","status-publish","hentry"],"yoast_head":"<!-- This site is optimized with the Yoast SEO plugin v25.5 - https:\/\/yoast.com\/wordpress\/plugins\/seo\/ -->\n<title>Containment Systems and Treatment Plants &#8212; grupopitti<\/title>\n<meta name=\"description\" content=\"Somos expertos en soluciones de muros de contenci\u00f3n y plantas de tratamiento de aguas, ofreciendo dise\u00f1o y consultor\u00eda especializada para plantas de aguas residuales municipales e industriales, respaldando as\u00ed nuestros completos sistemas de contenci\u00f3n y plantas de tratamiento.\" \/>\n<meta name=\"robots\" content=\"index, follow, max-snippet:-1, max-image-preview:large, max-video-preview:-1\" \/>\n<link rel=\"canonical\" href=\"https:\/\/grupopitti.com\/en\/containment-systems-and-treatment-plants\/\" \/>\n<meta property=\"og:locale\" content=\"en_US\" \/>\n<meta property=\"og:type\" content=\"article\" \/>\n<meta property=\"og:title\" content=\"Containment Systems and Treatment Plants &#8212; grupopitti\" \/>\n<meta property=\"og:description\" content=\"Somos expertos en soluciones de muros de contenci\u00f3n y plantas de tratamiento de aguas, ofreciendo dise\u00f1o y consultor\u00eda especializada para plantas de aguas residuales municipales e industriales, respaldando as\u00ed nuestros completos sistemas de contenci\u00f3n y plantas de tratamiento.\" \/>\n<meta property=\"og:url\" content=\"https:\/\/grupopitti.com\/en\/containment-systems-and-treatment-plants\/\" \/>\n<meta property=\"og:site_name\" content=\"grupopitti\" \/>\n<meta property=\"article:modified_time\" content=\"2024-06-12T23:08:40+00:00\" \/>\n<meta property=\"og:image\" content=\"http:\/\/grupopitti.com\/wp-content\/uploads\/2023\/10\/Copitsa3-1.webp\" \/>\n<meta name=\"twitter:card\" content=\"summary_large_image\" \/>\n<meta name=\"twitter:label1\" content=\"Est. reading time\" \/>\n\t<meta name=\"twitter:data1\" content=\"2 minutes\" \/>\n<script type=\"application\/ld+json\" class=\"yoast-schema-graph\">{\"@context\":\"https:\/\/schema.org\",\"@graph\":[{\"@type\":\"WebPage\",\"@id\":\"https:\/\/grupopitti.com\/containment-systems-and-treatment-plants\/\",\"url\":\"https:\/\/grupopitti.com\/containment-systems-and-treatment-plants\/\",\"name\":\"Containment Systems and Treatment Plants &#8212; grupopitti\",\"isPartOf\":{\"@id\":\"https:\/\/grupopitti.com\/#website\"},\"primaryImageOfPage\":{\"@id\":\"https:\/\/grupopitti.com\/containment-systems-and-treatment-plants\/#primaryimage\"},\"image\":{\"@id\":\"https:\/\/grupopitti.com\/containment-systems-and-treatment-plants\/#primaryimage\"},\"thumbnailUrl\":\"http:\/\/grupopitti.com\/wp-content\/uploads\/2023\/10\/Copitsa3-1.webp\",\"datePublished\":\"2024-06-12T23:08:34+00:00\",\"dateModified\":\"2024-06-12T23:08:40+00:00\",\"description\":\"Somos expertos en soluciones de muros de contenci\u00f3n y plantas de tratamiento de aguas, ofreciendo dise\u00f1o y consultor\u00eda especializada para plantas de aguas residuales municipales e industriales, respaldando as\u00ed nuestros completos sistemas de contenci\u00f3n y plantas de tratamiento.\",\"breadcrumb\":{\"@id\":\"https:\/\/grupopitti.com\/containment-systems-and-treatment-plants\/#breadcrumb\"},\"inLanguage\":\"en-US\",\"potentialAction\":[{\"@type\":\"ReadAction\",\"target\":[\"https:\/\/grupopitti.com\/containment-systems-and-treatment-plants\/\"]}]},{\"@type\":\"ImageObject\",\"inLanguage\":\"en-US\",\"@id\":\"https:\/\/grupopitti.com\/containment-systems-and-treatment-plants\/#primaryimage\",\"url\":\"http:\/\/grupopitti.com\/wp-content\/uploads\/2023\/10\/Copitsa3-1.webp\",\"contentUrl\":\"http:\/\/grupopitti.com\/wp-content\/uploads\/2023\/10\/Copitsa3-1.webp\"},{\"@type\":\"BreadcrumbList\",\"@id\":\"https:\/\/grupopitti.com\/containment-systems-and-treatment-plants\/#breadcrumb\",\"itemListElement\":[{\"@type\":\"ListItem\",\"position\":1,\"name\":\"Portada\",\"item\":\"https:\/\/grupopitti.com\/\"},{\"@type\":\"ListItem\",\"position\":2,\"name\":\"Containment Systems and Treatment Plants\"}]},{\"@type\":\"WebSite\",\"@id\":\"https:\/\/grupopitti.com\/#website\",\"url\":\"https:\/\/grupopitti.com\/\",\"name\":\"grupopitti\",\"description\":\"Empresa de Construcci\u00f3n\",\"publisher\":{\"@id\":\"https:\/\/grupopitti.com\/#organization\"},\"alternateName\":\"Constructora Pitti\",\"potentialAction\":[{\"@type\":\"SearchAction\",\"target\":{\"@type\":\"EntryPoint\",\"urlTemplate\":\"https:\/\/grupopitti.com\/?s={search_term_string}\"},\"query-input\":{\"@type\":\"PropertyValueSpecification\",\"valueRequired\":true,\"valueName\":\"search_term_string\"}}],\"inLanguage\":\"en-US\"},{\"@type\":\"Organization\",\"@id\":\"https:\/\/grupopitti.com\/#organization\",\"name\":\"grupopitti\",\"url\":\"https:\/\/grupopitti.com\/\",\"logo\":{\"@type\":\"ImageObject\",\"inLanguage\":\"en-US\",\"@id\":\"https:\/\/grupopitti.com\/#\/schema\/logo\/image\/\",\"url\":\"https:\/\/grupopitti.com\/wp-content\/uploads\/2023\/02\/LogoGrupoP.png\",\"contentUrl\":\"https:\/\/grupopitti.com\/wp-content\/uploads\/2023\/02\/LogoGrupoP.png\",\"width\":350,\"height\":57,\"caption\":\"grupopitti\"},\"image\":{\"@id\":\"https:\/\/grupopitti.com\/#\/schema\/logo\/image\/\"},\"sameAs\":[\"https:\/\/www.instagram.com\/grupo.pitti\/\"]}]}<\/script>\n<!-- \/ Yoast SEO plugin. -->","yoast_head_json":{"title":"Containment Systems and Treatment Plants &#8212; grupopitti","description":"Somos expertos en soluciones de muros de contenci\u00f3n y plantas de tratamiento de aguas, ofreciendo dise\u00f1o y consultor\u00eda especializada para plantas de aguas residuales municipales e industriales, respaldando as\u00ed nuestros completos sistemas de contenci\u00f3n y plantas de tratamiento.","robots":{"index":"index","follow":"follow","max-snippet":"max-snippet:-1","max-image-preview":"max-image-preview:large","max-video-preview":"max-video-preview:-1"},"canonical":"https:\/\/grupopitti.com\/en\/containment-systems-and-treatment-plants\/","og_locale":"en_US","og_type":"article","og_title":"Containment Systems and Treatment Plants &#8212; grupopitti","og_description":"Somos expertos en soluciones de muros de contenci\u00f3n y plantas de tratamiento de aguas, ofreciendo dise\u00f1o y consultor\u00eda especializada para plantas de aguas residuales municipales e industriales, respaldando as\u00ed nuestros completos sistemas de contenci\u00f3n y plantas de tratamiento.","og_url":"https:\/\/grupopitti.com\/en\/containment-systems-and-treatment-plants\/","og_site_name":"grupopitti","article_modified_time":"2024-06-12T23:08:40+00:00","og_image":[{"url":"http:\/\/grupopitti.com\/wp-content\/uploads\/2023\/10\/Copitsa3-1.webp","type":"","width":"","height":""}],"twitter_card":"summary_large_image","twitter_misc":{"Est. reading time":"2 minutes"},"schema":{"@context":"https:\/\/schema.org","@graph":[{"@type":"WebPage","@id":"https:\/\/grupopitti.com\/containment-systems-and-treatment-plants\/","url":"https:\/\/grupopitti.com\/containment-systems-and-treatment-plants\/","name":"Containment Systems and Treatment Plants &#8212; grupopitti","isPartOf":{"@id":"https:\/\/grupopitti.com\/#website"},"primaryImageOfPage":{"@id":"https:\/\/grupopitti.com\/containment-systems-and-treatment-plants\/#primaryimage"},"image":{"@id":"https:\/\/grupopitti.com\/containment-systems-and-treatment-plants\/#primaryimage"},"thumbnailUrl":"http:\/\/grupopitti.com\/wp-content\/uploads\/2023\/10\/Copitsa3-1.webp","datePublished":"2024-06-12T23:08:34+00:00","dateModified":"2024-06-12T23:08:40+00:00","description":"Somos expertos en soluciones de muros de contenci\u00f3n y plantas de tratamiento de aguas, ofreciendo dise\u00f1o y consultor\u00eda especializada para plantas de aguas residuales municipales e industriales, respaldando as\u00ed nuestros completos sistemas de contenci\u00f3n y plantas de tratamiento.","breadcrumb":{"@id":"https:\/\/grupopitti.com\/containment-systems-and-treatment-plants\/#breadcrumb"},"inLanguage":"en-US","potentialAction":[{"@type":"ReadAction","target":["https:\/\/grupopitti.com\/containment-systems-and-treatment-plants\/"]}]},{"@type":"ImageObject","inLanguage":"en-US","@id":"https:\/\/grupopitti.com\/containment-systems-and-treatment-plants\/#primaryimage","url":"http:\/\/grupopitti.com\/wp-content\/uploads\/2023\/10\/Copitsa3-1.webp","contentUrl":"http:\/\/grupopitti.com\/wp-content\/uploads\/2023\/10\/Copitsa3-1.webp"},{"@type":"BreadcrumbList","@id":"https:\/\/grupopitti.com\/containment-systems-and-treatment-plants\/#breadcrumb","itemListElement":[{"@type":"ListItem","position":1,"name":"Portada","item":"https:\/\/grupopitti.com\/"},{"@type":"ListItem","position":2,"name":"Containment Systems and Treatment Plants"}]},{"@type":"WebSite","@id":"https:\/\/grupopitti.com\/#website","url":"https:\/\/grupopitti.com\/","name":"grupopitti","description":"Empresa de Construcci\u00f3n","publisher":{"@id":"https:\/\/grupopitti.com\/#organization"},"alternateName":"Constructora Pitti","potentialAction":[{"@type":"SearchAction","target":{"@type":"EntryPoint","urlTemplate":"https:\/\/grupopitti.com\/?s={search_term_string}"},"query-input":{"@type":"PropertyValueSpecification","valueRequired":true,"valueName":"search_term_string"}}],"inLanguage":"en-US"},{"@type":"Organization","@id":"https:\/\/grupopitti.com\/#organization","name":"grupopitti","url":"https:\/\/grupopitti.com\/","logo":{"@type":"ImageObject","inLanguage":"en-US","@id":"https:\/\/grupopitti.com\/#\/schema\/logo\/image\/","url":"https:\/\/grupopitti.com\/wp-content\/uploads\/2023\/02\/LogoGrupoP.png","contentUrl":"https:\/\/grupopitti.com\/wp-content\/uploads\/2023\/02\/LogoGrupoP.png","width":350,"height":57,"caption":"grupopitti"},"image":{"@id":"https:\/\/grupopitti.com\/#\/schema\/logo\/image\/"},"sameAs":["https:\/\/www.instagram.com\/grupo.pitti\/"]}]}},"uagb_featured_image_src":{"full":false,"thumbnail":false,"medium":false,"medium_large":false,"large":false,"1536x1536":false,"2048x2048":false,"trp-custom-language-flag":false},"uagb_author_info":{"display_name":"root","author_link":"https:\/\/grupopitti.com\/en\/author\/root\/"},"uagb_comment_info":0,"uagb_excerpt":"Containment Systems and Treatment Plants Containment Systems and Treatment Plants Integral Solutions Construction and Water Treatment Solutions As leaders in advanced construction, we offer solutions for containment walls and water treatment plants. We design tailor-made plants for municipal and industrial wastewater, with consulting services. Gabion and Geocell Retaining Walls Resilience Against Environmental Challenges and Erosion&hellip;","_links":{"self":[{"href":"https:\/\/grupopitti.com\/en\/wp-json\/wp\/v2\/pages\/5492"}],"collection":[{"href":"https:\/\/grupopitti.com\/en\/wp-json\/wp\/v2\/pages"}],"about":[{"href":"https:\/\/grupopitti.com\/en\/wp-json\/wp\/v2\/types\/page"}],"author":[{"embeddable":true,"href":"https:\/\/grupopitti.com\/en\/wp-json\/wp\/v2\/users\/1"}],"replies":[{"embeddable":true,"href":"https:\/\/grupopitti.com\/en\/wp-json\/wp\/v2\/comments?post=5492"}],"version-history":[{"count":4,"href":"https:\/\/grupopitti.com\/en\/wp-json\/wp\/v2\/pages\/5492\/revisions"}],"predecessor-version":[{"id":5809,"href":"https:\/\/grupopitti.com\/en\/wp-json\/wp\/v2\/pages\/5492\/revisions\/5809"}],"wp:attachment":[{"href":"https:\/\/grupopitti.com\/en\/wp-json\/wp\/v2\/media?parent=5492"}],"curies":[{"name":"wp","href":"https:\/\/api.w.org\/{rel}","templated":true}]}}