{"id":3740,"date":"2023-06-29T19:13:56","date_gmt":"2023-06-30T00:13:56","guid":{"rendered":"http:\/\/grupopitti.com\/?page_id=3740"},"modified":"2023-10-11T15:33:37","modified_gmt":"2023-10-11T20:33:37","slug":"politica-de-privacida","status":"publish","type":"page","link":"https:\/\/grupopitti.com\/en\/politica-de-privacida\/","title":{"rendered":"Privacy Policy"},"content":{"rendered":"<div class=\"wp-block-uagb-container uagb-block-bafe6e30 alignfull uagb-is-root-container\"><div class=\"uagb-container-inner-blocks-wrap\"><\/div><\/div>\n\n\n\n<div class=\"wp-block-uagb-container uagb-block-38c89df2 alignfull uagb-is-root-container\"><div class=\"uagb-container-inner-blocks-wrap\">\n<div class=\"wp-block-uagb-advanced-heading uagb-block-7445de0d\"><h2 class=\"uagb-heading-text\"><strong><mark style=\"background-color:rgba(0, 0, 0, 0)\" class=\"has-inline-color has-ast-global-color-1-color\">Pol\u00edtica de privacidad<\/mark><\/strong><\/h2><\/div>\n\n\n\n<div class=\"wp-block-uagb-advanced-heading uagb-block-efd66321\"><h2 class=\"uagb-heading-text\"><mark style=\"background-color:rgba(0, 0, 0, 0)\" class=\"has-inline-color has-ast-global-color-0-color\">1.\u00a0 Ley 81 de 26 de marzo de 2019, Gaceta Oficial N\u00b0 28743-A. Rep\u00fablica de Panam\u00e1, de Servicios de la Sociedad de la Informaci\u00f3n y de Comercio Electr\u00f3nico.<\/mark><\/h2><\/div>\n\n\n\n<div class=\"wp-block-uagb-advanced-heading uagb-block-388f711c\"><h2 class=\"uagb-heading-text\">En virtud de lo establecido en la <em><mark style=\"background-color:rgba(0, 0, 0, 0)\" class=\"has-inline-color has-ast-global-color-0-color\">&nbsp;Ley 81 de 26 de marzo de 2019, \u201cSobre Protecci\u00f3n De Datos Personales\u201d, Gaceta Oficial N\u00b0 28743-A. Rep\u00fablica de Panam\u00e1, de Servicios de la Sociedad de la Informaci\u00f3n y del Comercio Electr\u00f3nico<\/mark><\/em> se informa al usuario que el titular de esta p\u00e1gina web es&nbsp;<strong>Grupo Pitti, <\/strong>inscrita en el [<strong>Registro<\/strong>], cuyos datos identificativos constan en el presente aviso legal (apartado protecci\u00f3n datos personales).&nbsp;<\/h2><\/div>\n\n\n\n<div class=\"wp-block-uagb-advanced-heading uagb-block-37f43911\"><h2 class=\"uagb-heading-text\"><mark style=\"background-color:rgba(0, 0, 0, 0)\" class=\"has-inline-color has-ast-global-color-0-color\">1.\u00a0 Reglamento Paname\u00f1o de Protecci\u00f3n de Datos Personales<\/mark><\/h2><\/div>\n\n\n\n<div class=\"wp-block-uagb-advanced-heading uagb-block-52b28cbc\"><h2 class=\"uagb-heading-text\">\u00bfQui\u00e9n es el responsable del tratamiento de los datos personales recabados a trav\u00e9s de este sitio web?&nbsp;<\/h2><\/div>\n\n\n\n<div class=\"wp-block-uagb-advanced-heading uagb-block-a57a200e\"><h2 class=\"uagb-heading-text\">Se informa a los usuarios de este sitio web que el responsable del tratamiento de sus datos es:&nbsp;<\/h2><\/div>\n\n\n\n<div class=\"wp-block-uagb-advanced-heading uagb-block-223cfe34\"><h2 class=\"uagb-heading-text\"><strong>Denominaci\u00f3n social<\/strong>:<strong> GRUPO PITTI<\/strong><\/h2><\/div>\n\n\n\n<div class=\"wp-block-uagb-advanced-heading uagb-block-3b9eb53b\"><h2 class=\"uagb-heading-text\"><strong>RUC<\/strong>:<strong> XXX-XXX-XXX<\/strong><\/h2><\/div>\n\n\n\n<div class=\"wp-block-uagb-advanced-heading uagb-block-8296271d\"><h2 class=\"uagb-heading-text\"><strong>Domicio social<\/strong>:<strong> Panam\u00e1 Oeste, La Chorrera<\/strong><\/h2><\/div>\n\n\n\n<div class=\"wp-block-uagb-advanced-heading uagb-block-858fa9bd\"><h2 class=\"uagb-heading-text\"><strong>Contacto<\/strong>: <strong>66343797 \/ info@grupopitti.com<\/strong><\/h2><\/div>\n\n\n\n<div class=\"wp-block-uagb-advanced-heading uagb-block-a3a51213\"><h2 class=\"uagb-heading-text\">De acuerdo con lo establecido en la normativa europea de Protecci\u00f3n de datos personales,&nbsp;<strong>Grupo Pitti<\/strong>&nbsp;garantiza la protecci\u00f3n y confidencialidad de los datos personales proporcionados por los usuarios a trav\u00e9s de esta web, seg\u00fan lo establecido en la presente pol\u00edtica de protecci\u00f3n de datos, que debe haber aceptado en el formulario de contacto.<\/h2><\/div>\n\n\n\n<div class=\"wp-block-uagb-advanced-heading uagb-block-82d5259c\"><h2 class=\"uagb-heading-text\">Nuestra empresa garantiza la seguridad y confidencialidad en todas las comunicaciones con nuestros clientes a trav\u00e9s de un servidor seguro, basado en el est\u00e1ndar SSL que protege los datos frente a intentos de violaci\u00f3n por terceros.&nbsp;<\/h2><\/div>\n\n\n\n<div class=\"wp-block-uagb-advanced-heading uagb-block-372948cf\"><h2 class=\"uagb-heading-text\"><mark style=\"background-color:rgba(0, 0, 0, 0)\" class=\"has-inline-color has-ast-global-color-0-color\">\u00bfQu\u00e9 datos personales trataremos y cu\u00e1l es la obligatoriedad a suministrarlos?\u00a0<\/mark><\/h2><\/div>\n\n\n\n<div class=\"wp-block-uagb-advanced-heading uagb-block-b824c20f\"><h2 class=\"uagb-heading-text\">Siguiendo los principios de minimizaci\u00f3n de datos y privacidad por defecto, \u00fanicamente solicitaremos los datos necesarios para llevar a cabo la finalidad para la cual recaban, de manera que s\u00f3lo solicitaremos datos proporcionales y no excesivos a trav\u00e9s del formulario de contacto.<\/h2><\/div>\n\n\n\n<div class=\"wp-block-uagb-advanced-heading uagb-block-e8739513\"><h2 class=\"uagb-heading-text\">La negativa por parte del usuario a proporcionar sus datos en dicho formulario o el suministro de datos incorrectos, impedir\u00e1 que podamos atender su solicitud, sin perjuicio de que pueda visualizar libremente el contenido del sitio web.&nbsp;<\/h2><\/div>\n\n\n\n<div class=\"wp-block-uagb-advanced-heading uagb-block-89a56ae8\"><h2 class=\"uagb-heading-text\">De igual modo, le informamos que algunas de las funcionalidades de este sitio web permiten la geolocalizaci\u00f3n del dispositivo desde el cual se accede.&nbsp;<\/h2><\/div>\n\n\n\n<div class=\"wp-block-uagb-advanced-heading uagb-block-13c0196d\"><h2 class=\"uagb-heading-text\"><mark style=\"background-color:rgba(0, 0, 0, 0)\" class=\"has-inline-color has-ast-global-color-0-color\">\u00bfCon qu\u00e9 finalidad tratamos sus datos personales?\u00a0<\/mark><\/h2><\/div>\n\n\n\n<div class=\"wp-block-uagb-advanced-heading uagb-block-54788e3b\"><h2 class=\"uagb-heading-text\"><strong>Grupo Pitti<\/strong>&nbsp;informa al usuario, que sus datos ser\u00e1n tratados con las siguientes finalidades:&nbsp;<\/h2><\/div>\n\n\n\n<div class=\"wp-block-uagb-advanced-heading uagb-block-1dda94db\"><h2 class=\"uagb-heading-text\">1. <strong>Gesti\u00f3n de consultas formuladas a trav\u00e9s de la web. <\/strong>Realizaremos los tratamientos de datos necesarios para la atenci\u00f3n de su solicitud de informaci\u00f3n, de manera que trataremos datos como su nombre, apellidos, DNI, e-mail, tel\u00e9fono, provincia, c\u00f3digo postal.&nbsp;<\/h2><\/div>\n\n\n\n<div class=\"wp-block-uagb-advanced-heading uagb-block-b1941329\"><h2 class=\"uagb-heading-text\">2. <strong>Gesti\u00f3n de la navegaci\u00f3n del usuario a trav\u00e9s de la web (tratamiento de datos de cookies) <\/strong>sus datos se tratar\u00e1n conforme a la pol\u00edtica de cookies disponible en esta p\u00e1gina.&nbsp;<\/h2><\/div>\n\n\n\n<div class=\"wp-block-uagb-advanced-heading uagb-block-8fda6acf\"><h2 class=\"uagb-heading-text\">3. <strong>Control inform\u00e1tico de la p\u00e1gina web<\/strong>. Realizaremos actuaciones de control del uso de la p\u00e1gina web para prevenir y detectar cualquier utilizaci\u00f3n indebida.&nbsp;<\/h2><\/div>\n\n\n\n<div class=\"wp-block-uagb-advanced-heading uagb-block-6e7361fb\"><h2 class=\"uagb-heading-text\"><strong>4. Comercio electr\u00f3nico<\/strong>. Realizaremos los tratamientos de datos necesarios para gestionar las compras efectuadas en el marco de este sitio web, incluyendo la gesti\u00f3n del pago y la remisi\u00f3n del pedido, para lo cual trataremos datos como su nombre, apellidos, DNI, e-mail, tel\u00e9fono, domicilio, provincia, c\u00f3digo postal y datos de tarjeta de cr\u00e9dito. Nuestra empresa garantiza la seguridad y confidencialidad en todas las comunicaciones con nuestros clientes. Todas las operaciones de pago on-line se realizan a trav\u00e9s de un servidor seguro, basado en el est\u00e1ndar SSL que protege los datos frente a intentos de violaci\u00f3n por terceros.&nbsp;<\/h2><\/div>\n\n\n\n<div class=\"wp-block-uagb-advanced-heading uagb-block-4f5ed8b7\"><h2 class=\"uagb-heading-text\"><mark style=\"background-color:rgba(0, 0, 0, 0)\" class=\"has-inline-color has-ast-global-color-0-color\">\u00bfCu\u00e1l es la base jur\u00eddica que permite el tratamiento de sus datos personales?\u00a0<\/mark><\/h2><\/div>\n\n\n\n<div class=\"wp-block-uagb-advanced-heading uagb-block-46cd33a5\"><h2 class=\"uagb-heading-text\">En los casos en que el usuario formule alguna consulta a trav\u00e9s de los formularios de contacto habilitados, la BASE JUR\u00cdDICA que legitima el tratamiento es el consentimiento expreso que se otorga al aceptar la presente pol\u00edtica de protecci\u00f3n de datos, mediante la marcaci\u00f3n de la casilla correspondiente habilitada a tal efecto.&nbsp;<\/h2><\/div>\n\n\n\n<div class=\"wp-block-uagb-advanced-heading uagb-block-e5e249e6\"><h2 class=\"uagb-heading-text\">En el caso de compras v\u00eda online, la base jur\u00eddica que legitima el tratamiento de sus datos con dicha finalidad es la relaci\u00f3n contractual surgida entre&nbsp;<strong>Grupo Pitti <\/strong>y el comprador. Los formularios habilitados en este sitio web cuentan con una casilla de aceptaci\u00f3n, de manera que el usuario no lo marca, no podr\u00e1 enviar su informaci\u00f3n personal.&nbsp;<\/h2><\/div>\n\n\n\n<div class=\"wp-block-uagb-advanced-heading uagb-block-ad91e9ca\"><h2 class=\"uagb-heading-text\">En los casos en que el usuario se limite a visualizar el contenido de este sitio web sin que cumplimente datos identificativos en el formulario de contacto ni realice compra alguna, la BASE JUR\u00cdDICA para el tratamiento es el inter\u00e9s leg\u00edtimo del responsable, concretamente nuestro inter\u00e9s en garantizar un buen uso y funcionamiento del servicio.&nbsp;<\/h2><\/div>\n\n\n\n<div class=\"wp-block-uagb-advanced-heading uagb-block-29599439\"><h2 class=\"uagb-heading-text\"><mark style=\"background-color:rgba(0, 0, 0, 0)\" class=\"has-inline-color has-ast-global-color-0-color\">\u00bfPor cu\u00e1nto tiempo conservaremos sus datos?\u00a0<\/mark><\/h2><\/div>\n\n\n\n<div class=\"wp-block-uagb-advanced-heading uagb-block-b25d24bb\"><h2 class=\"uagb-heading-text\">Sus datos personales se tratar\u00e1n durante el tiempo necesario para la atenci\u00f3n de su consulta o petici\u00f3n. Si finalmente usted llega a adquirir nuestros productos, trataremos sus datos hasta el cumplimiento del plazo de prescripci\u00f3n de responsabilidades nacidas del tratamiento.&nbsp;<\/h2><\/div>\n\n\n\n<div class=\"wp-block-uagb-advanced-heading uagb-block-edd0da80\"><h2 class=\"uagb-heading-text\"><mark style=\"background-color:rgba(0, 0, 0, 0)\" class=\"has-inline-color has-ast-global-color-0-color\">\u00bfA qui\u00e9nes comunicaremos sus datos?\u00a0<\/mark><\/h2><\/div>\n\n\n\n<div class=\"wp-block-uagb-advanced-heading uagb-block-103e6c92\"><h2 class=\"uagb-heading-text\">Comunicaremos sus datos personales a Organismos P\u00fablicos para el cumplimiento de obligaciones legales y en su caso a nuestros proveedores de hosting y de servicios tecnol\u00f3gicos y en el caso de que realice compras a trav\u00e9s de esta p\u00e1gina cederemos sus datos a la empresa de Logista que se encargar\u00e1 de la entrega del pedido en su domicilio, lo que implica comunicar su nombre, apellidos, DNI, tel\u00e9fono y domicilio.&nbsp;<\/h2><\/div>\n\n\n\n<div class=\"wp-block-uagb-advanced-heading uagb-block-0fd24f91\"><h2 class=\"uagb-heading-text\">En nuestra web te ofrecemos enlaces con diferentes redes sociales. Si eres miembro de una red social y haces clic sobre el correspondiente enlace, el proveedor de la red social podr\u00e1 enlazar tus datos de perfil con la informaci\u00f3n en tu visita a la web. Por tanto, es conveniente que te informes sobre las funciones y pol\u00edticas sobre el tratamiento de datos personales de la respectiva red social.&nbsp;<\/h2><\/div>\n\n\n\n<div class=\"wp-block-uagb-advanced-heading uagb-block-4340f983\"><h2 class=\"uagb-heading-text\"><mark style=\"background-color:rgba(0, 0, 0, 0)\" class=\"has-inline-color has-ast-global-color-0-color\">\u00bfLe enviaremos comunicaciones comerciales?<\/mark>\u00a0<\/h2><\/div>\n\n\n\n<div class=\"wp-block-uagb-advanced-heading uagb-block-61c9c05e\"><h2 class=\"uagb-heading-text\">Solamente si contamos con su consentimiento expreso, le remitiremos comunicaciones relativas a nuestros productos\/servicios, a trav\u00e9s de correo postal y por medios electr\u00f3nicos (e-mail, SMS) en base al <strong>consentimiento <\/strong>solicitado por nuestra empresa y otorgado por el usuario previamente. De no contar con su consentimiento expreso, en ning\u00fan caso le remitiremos dichas comunicaciones. As\u00ed mismo, le informamos que, de haber otorgado su consentimiento, el mismo podr\u00e1 retirarse sin que produzca efectos retroactivos, dirigi\u00e9ndose a la direcci\u00f3n postal o electr\u00f3nica que figura en este sitio web. Dejaremos de enviar comunicaciones comerciales desde el momento en que el usuario solicite su baja.&nbsp;<\/h2><\/div>\n\n\n\n<div class=\"wp-block-uagb-advanced-heading uagb-block-b96adeea\"><h2 class=\"uagb-heading-text\"><mark style=\"background-color:rgba(0, 0, 0, 0)\" class=\"has-inline-color has-ast-global-color-0-color\">\u00bfC\u00f3mo hemos obtenido tus datos?\u00a0<\/mark><\/h2><\/div>\n\n\n\n<div class=\"wp-block-uagb-advanced-heading uagb-block-f6f3b3cf\"><h2 class=\"uagb-heading-text\">Los datos personales se han obtenido a trav\u00e9s del formulario de contacto habilitado en este sitio web y\/o a trav\u00e9s del carrito de compra.&nbsp;<\/h2><\/div>\n\n\n\n<div class=\"wp-block-uagb-advanced-heading uagb-block-f915aac6\"><h2 class=\"uagb-heading-text\"><mark style=\"background-color:rgba(0, 0, 0, 0)\" class=\"has-inline-color has-ast-global-color-0-color\">\u00bfC\u00f3mo puede el usuario revocar su consentimiento?\u00a0<\/mark><\/h2><\/div>\n\n\n\n<div class=\"wp-block-uagb-advanced-heading uagb-block-2492f0ea\"><h2 class=\"uagb-heading-text\">El usuario puede desde este momento y en cualquier otro posterior retirar el consentimiento otorgado para el tratamiento de sus datos, mediante comunicaci\u00f3n dirigida a: <strong>info@grupopitti.com<\/strong>, el cual no tendr\u00e1 en ning\u00fan caso efectos retroactivos.&nbsp;<\/h2><\/div>\n\n\n\n<div class=\"wp-block-uagb-advanced-heading uagb-block-f65a9ca0\"><h2 class=\"uagb-heading-text\"><mark style=\"background-color:rgba(0, 0, 0, 0)\" class=\"has-inline-color has-ast-global-color-0-color\">\u00bfCu\u00e1les son sus derechos en protecci\u00f3n de datos?\u00a0<\/mark><\/h2><\/div>\n\n\n\n<div class=\"wp-block-uagb-advanced-heading uagb-block-f5b90831\"><h2 class=\"uagb-heading-text\">Usted puede ejercitar, si lo desea, los derechos de acceso, rectificaci\u00f3n y supresi\u00f3n de datos, limitaci\u00f3n del tratamiento, portabilidad y oposici\u00f3n a trav\u00e9s de comunicaci\u00f3n dirigida a nuestro domicilio o mediante correo electr\u00f3nico enviado a la direcci\u00f3n:&nbsp;<strong>info@grupopitti.com<\/strong>. De igual modo, tiene derecho a presentar reclamaci\u00f3n ante la Agencia Paname\u00f1a de Protecci\u00f3n de Datos si considera que se han vulnerado sus derechos en materia de protecci\u00f3n de datos personales.&nbsp;<\/h2><\/div>\n<\/div><\/div>\n\n\n\n<div class=\"wp-block-uagb-container uagb-block-764dc448 alignfull uagb-is-root-container\"><div class=\"uagb-container-inner-blocks-wrap\"><\/div><\/div>\n\n\n\n<div class=\"wp-block-uagb-container uagb-block-f20962c8 alignfull uagb-is-root-container\"><div class=\"uagb-container-inner-blocks-wrap\"><\/div><\/div>","protected":false},"excerpt":{"rendered":"<p>Pol\u00edtica de privacidad 1.\u00a0 Ley 81 de 26 de marzo de 2019, Gaceta Oficial N\u00b0 28743-A. Rep\u00fablica de Panam\u00e1, de Servicios de la Sociedad de la Informaci\u00f3n y de Comercio Electr\u00f3nico. En virtud de lo establecido en la &nbsp;Ley 81 de 26 de marzo de 2019, \u201cSobre Protecci\u00f3n De Datos Personales\u201d, Gaceta Oficial N\u00b0 28743-A. [&hellip;]<\/p>","protected":false},"author":1,"featured_media":0,"parent":0,"menu_order":0,"comment_status":"closed","ping_status":"closed","template":"","meta":{"_eb_attr":"","_uag_custom_page_level_css":"","site-sidebar-layout":"default","site-content-layout":"","ast-site-content-layout":"default","site-content-style":"default","site-sidebar-style":"default","ast-global-header-display":"","ast-banner-title-visibility":"","ast-main-header-display":"","ast-hfb-above-header-display":"","ast-hfb-below-header-display":"","ast-hfb-mobile-header-display":"","site-post-title":"disabled","ast-breadcrumbs-content":"","ast-featured-img":"","footer-sml-layout":"","theme-transparent-header-meta":"","adv-header-id-meta":"","stick-header-meta":"","header-above-stick-meta":"","header-main-stick-meta":"","header-below-stick-meta":"","astra-migrate-meta-layouts":"default","ast-page-background-enabled":"default","ast-page-background-meta":{"desktop":{"background-color":"var(--ast-global-color-4)","background-image":"","background-repeat":"repeat","background-position":"center center","background-size":"auto","background-attachment":"scroll","background-type":"","background-media":"","overlay-type":"","overlay-color":"","overlay-opacity":"","overlay-gradient":""},"tablet":{"background-color":"","background-image":"","background-repeat":"repeat","background-position":"center center","background-size":"auto","background-attachment":"scroll","background-type":"","background-media":"","overlay-type":"","overlay-color":"","overlay-opacity":"","overlay-gradient":""},"mobile":{"background-color":"","background-image":"","background-repeat":"repeat","background-position":"center center","background-size":"auto","background-attachment":"scroll","background-type":"","background-media":"","overlay-type":"","overlay-color":"","overlay-opacity":"","overlay-gradient":""}},"ast-content-background-meta":{"desktop":{"background-color":"var(--ast-global-color-5)","background-image":"","background-repeat":"repeat","background-position":"center center","background-size":"auto","background-attachment":"scroll","background-type":"","background-media":"","overlay-type":"","overlay-color":"","overlay-opacity":"","overlay-gradient":""},"tablet":{"background-color":"var(--ast-global-color-5)","background-image":"","background-repeat":"repeat","background-position":"center center","background-size":"auto","background-attachment":"scroll","background-type":"","background-media":"","overlay-type":"","overlay-color":"","overlay-opacity":"","overlay-gradient":""},"mobile":{"background-color":"var(--ast-global-color-5)","background-image":"","background-repeat":"repeat","background-position":"center center","background-size":"auto","background-attachment":"scroll","background-type":"","background-media":"","overlay-type":"","overlay-color":"","overlay-opacity":"","overlay-gradient":""}},"footnotes":""},"class_list":["post-3740","page","type-page","status-publish","hentry"],"yoast_head":"<!-- This site is optimized with the Yoast SEO plugin v25.5 - https:\/\/yoast.com\/wordpress\/plugins\/seo\/ -->\n<title>Pol\u00edtica de Privacidad &#8212; grupopitti<\/title>\n<meta name=\"robots\" content=\"noindex, follow\" \/>\n<meta property=\"og:locale\" content=\"en_US\" \/>\n<meta property=\"og:type\" content=\"article\" \/>\n<meta property=\"og:title\" content=\"Pol\u00edtica de Privacidad &#8212; grupopitti\" \/>\n<meta property=\"og:description\" content=\"Pol\u00edtica de privacidad 1.\u00a0 Ley 81 de 26 de marzo de 2019, Gaceta Oficial N\u00b0 28743-A. Rep\u00fablica de Panam\u00e1, de Servicios de la Sociedad de la Informaci\u00f3n y de Comercio Electr\u00f3nico. En virtud de lo establecido en la &nbsp;Ley 81 de 26 de marzo de 2019, \u201cSobre Protecci\u00f3n De Datos Personales\u201d, Gaceta Oficial N\u00b0 28743-A. [&hellip;]\" \/>\n<meta property=\"og:url\" content=\"https:\/\/grupopitti.com\/en\/politica-de-privacida\/\" \/>\n<meta property=\"og:site_name\" content=\"grupopitti\" \/>\n<meta property=\"article:modified_time\" content=\"2023-10-11T20:33:37+00:00\" \/>\n<meta name=\"twitter:card\" content=\"summary_large_image\" \/>\n<meta name=\"twitter:label1\" content=\"Est. reading time\" \/>\n\t<meta name=\"twitter:data1\" content=\"6 minutes\" \/>\n<script type=\"application\/ld+json\" class=\"yoast-schema-graph\">{\"@context\":\"https:\/\/schema.org\",\"@graph\":[{\"@type\":\"WebPage\",\"@id\":\"https:\/\/grupopitti.com\/politica-de-privacida\/\",\"url\":\"https:\/\/grupopitti.com\/politica-de-privacida\/\",\"name\":\"Pol\u00edtica de Privacidad &#8212; grupopitti\",\"isPartOf\":{\"@id\":\"https:\/\/grupopitti.com\/#website\"},\"datePublished\":\"2023-06-30T00:13:56+00:00\",\"dateModified\":\"2023-10-11T20:33:37+00:00\",\"breadcrumb\":{\"@id\":\"https:\/\/grupopitti.com\/politica-de-privacida\/#breadcrumb\"},\"inLanguage\":\"en-US\",\"potentialAction\":[{\"@type\":\"ReadAction\",\"target\":[\"https:\/\/grupopitti.com\/politica-de-privacida\/\"]}]},{\"@type\":\"BreadcrumbList\",\"@id\":\"https:\/\/grupopitti.com\/politica-de-privacida\/#breadcrumb\",\"itemListElement\":[{\"@type\":\"ListItem\",\"position\":1,\"name\":\"Portada\",\"item\":\"https:\/\/grupopitti.com\/\"},{\"@type\":\"ListItem\",\"position\":2,\"name\":\"Pol\u00edtica de Privacidad\"}]},{\"@type\":\"WebSite\",\"@id\":\"https:\/\/grupopitti.com\/#website\",\"url\":\"https:\/\/grupopitti.com\/\",\"name\":\"grupopitti\",\"description\":\"Empresa de Construcci\u00f3n\",\"publisher\":{\"@id\":\"https:\/\/grupopitti.com\/#organization\"},\"alternateName\":\"Constructora Pitti\",\"potentialAction\":[{\"@type\":\"SearchAction\",\"target\":{\"@type\":\"EntryPoint\",\"urlTemplate\":\"https:\/\/grupopitti.com\/?s={search_term_string}\"},\"query-input\":{\"@type\":\"PropertyValueSpecification\",\"valueRequired\":true,\"valueName\":\"search_term_string\"}}],\"inLanguage\":\"en-US\"},{\"@type\":\"Organization\",\"@id\":\"https:\/\/grupopitti.com\/#organization\",\"name\":\"grupopitti\",\"url\":\"https:\/\/grupopitti.com\/\",\"logo\":{\"@type\":\"ImageObject\",\"inLanguage\":\"en-US\",\"@id\":\"https:\/\/grupopitti.com\/#\/schema\/logo\/image\/\",\"url\":\"https:\/\/grupopitti.com\/wp-content\/uploads\/2023\/02\/LogoGrupoP.png\",\"contentUrl\":\"https:\/\/grupopitti.com\/wp-content\/uploads\/2023\/02\/LogoGrupoP.png\",\"width\":350,\"height\":57,\"caption\":\"grupopitti\"},\"image\":{\"@id\":\"https:\/\/grupopitti.com\/#\/schema\/logo\/image\/\"},\"sameAs\":[\"https:\/\/www.instagram.com\/grupo.pitti\/\"]}]}<\/script>\n<!-- \/ Yoast SEO plugin. -->","yoast_head_json":{"title":"Pol\u00edtica de Privacidad &#8212; grupopitti","robots":{"index":"noindex","follow":"follow"},"og_locale":"en_US","og_type":"article","og_title":"Pol\u00edtica de Privacidad &#8212; grupopitti","og_description":"Pol\u00edtica de privacidad 1.\u00a0 Ley 81 de 26 de marzo de 2019, Gaceta Oficial N\u00b0 28743-A. Rep\u00fablica de Panam\u00e1, de Servicios de la Sociedad de la Informaci\u00f3n y de Comercio Electr\u00f3nico. En virtud de lo establecido en la &nbsp;Ley 81 de 26 de marzo de 2019, \u201cSobre Protecci\u00f3n De Datos Personales\u201d, Gaceta Oficial N\u00b0 28743-A. [&hellip;]","og_url":"https:\/\/grupopitti.com\/en\/politica-de-privacida\/","og_site_name":"grupopitti","article_modified_time":"2023-10-11T20:33:37+00:00","twitter_card":"summary_large_image","twitter_misc":{"Est. reading time":"6 minutes"},"schema":{"@context":"https:\/\/schema.org","@graph":[{"@type":"WebPage","@id":"https:\/\/grupopitti.com\/politica-de-privacida\/","url":"https:\/\/grupopitti.com\/politica-de-privacida\/","name":"Pol\u00edtica de Privacidad &#8212; grupopitti","isPartOf":{"@id":"https:\/\/grupopitti.com\/#website"},"datePublished":"2023-06-30T00:13:56+00:00","dateModified":"2023-10-11T20:33:37+00:00","breadcrumb":{"@id":"https:\/\/grupopitti.com\/politica-de-privacida\/#breadcrumb"},"inLanguage":"en-US","potentialAction":[{"@type":"ReadAction","target":["https:\/\/grupopitti.com\/politica-de-privacida\/"]}]},{"@type":"BreadcrumbList","@id":"https:\/\/grupopitti.com\/politica-de-privacida\/#breadcrumb","itemListElement":[{"@type":"ListItem","position":1,"name":"Portada","item":"https:\/\/grupopitti.com\/"},{"@type":"ListItem","position":2,"name":"Pol\u00edtica de Privacidad"}]},{"@type":"WebSite","@id":"https:\/\/grupopitti.com\/#website","url":"https:\/\/grupopitti.com\/","name":"grupopitti","description":"Empresa de Construcci\u00f3n","publisher":{"@id":"https:\/\/grupopitti.com\/#organization"},"alternateName":"Constructora Pitti","potentialAction":[{"@type":"SearchAction","target":{"@type":"EntryPoint","urlTemplate":"https:\/\/grupopitti.com\/?s={search_term_string}"},"query-input":{"@type":"PropertyValueSpecification","valueRequired":true,"valueName":"search_term_string"}}],"inLanguage":"en-US"},{"@type":"Organization","@id":"https:\/\/grupopitti.com\/#organization","name":"grupopitti","url":"https:\/\/grupopitti.com\/","logo":{"@type":"ImageObject","inLanguage":"en-US","@id":"https:\/\/grupopitti.com\/#\/schema\/logo\/image\/","url":"https:\/\/grupopitti.com\/wp-content\/uploads\/2023\/02\/LogoGrupoP.png","contentUrl":"https:\/\/grupopitti.com\/wp-content\/uploads\/2023\/02\/LogoGrupoP.png","width":350,"height":57,"caption":"grupopitti"},"image":{"@id":"https:\/\/grupopitti.com\/#\/schema\/logo\/image\/"},"sameAs":["https:\/\/www.instagram.com\/grupo.pitti\/"]}]}},"uagb_featured_image_src":{"full":false,"thumbnail":false,"medium":false,"medium_large":false,"large":false,"1536x1536":false,"2048x2048":false,"trp-custom-language-flag":false},"uagb_author_info":{"display_name":"root","author_link":"https:\/\/grupopitti.com\/en\/author\/root\/"},"uagb_comment_info":0,"uagb_excerpt":"Pol\u00edtica de privacidad 1.\u00a0 Ley 81 de 26 de marzo de 2019, Gaceta Oficial N\u00b0 28743-A. Rep\u00fablica de Panam\u00e1, de Servicios de la Sociedad de la Informaci\u00f3n y de Comercio Electr\u00f3nico. En virtud de lo establecido en la &nbsp;Ley 81 de 26 de marzo de 2019, \u201cSobre Protecci\u00f3n De Datos Personales\u201d, Gaceta Oficial N\u00b0 28743-A.&hellip;","_links":{"self":[{"href":"https:\/\/grupopitti.com\/en\/wp-json\/wp\/v2\/pages\/3740"}],"collection":[{"href":"https:\/\/grupopitti.com\/en\/wp-json\/wp\/v2\/pages"}],"about":[{"href":"https:\/\/grupopitti.com\/en\/wp-json\/wp\/v2\/types\/page"}],"author":[{"embeddable":true,"href":"https:\/\/grupopitti.com\/en\/wp-json\/wp\/v2\/users\/1"}],"replies":[{"embeddable":true,"href":"https:\/\/grupopitti.com\/en\/wp-json\/wp\/v2\/comments?post=3740"}],"version-history":[{"count":12,"href":"https:\/\/grupopitti.com\/en\/wp-json\/wp\/v2\/pages\/3740\/revisions"}],"predecessor-version":[{"id":4474,"href":"https:\/\/grupopitti.com\/en\/wp-json\/wp\/v2\/pages\/3740\/revisions\/4474"}],"wp:attachment":[{"href":"https:\/\/grupopitti.com\/en\/wp-json\/wp\/v2\/media?parent=3740"}],"curies":[{"name":"wp","href":"https:\/\/api.w.org\/{rel}","templated":true}]}}