{"id":3716,"date":"2023-06-29T14:52:41","date_gmt":"2023-06-29T19:52:41","guid":{"rendered":"http:\/\/grupopitti.com\/?page_id=3716"},"modified":"2023-10-11T15:32:31","modified_gmt":"2023-10-11T20:32:31","slug":"aviso-legal","status":"publish","type":"page","link":"https:\/\/grupopitti.com\/en\/aviso-legal\/","title":{"rendered":"Legal Notice"},"content":{"rendered":"<div class=\"wp-block-uagb-container uagb-block-94b8021f alignfull uagb-is-root-container\"><div class=\"uagb-container-inner-blocks-wrap\"><\/div><\/div>\n\n\n\n<div class=\"wp-block-uagb-container uagb-block-bdbe47d7 alignfull uagb-is-root-container\"><div class=\"uagb-container-inner-blocks-wrap\">\n<div class=\"wp-block-uagb-advanced-heading uagb-block-a806b959\"><h2 class=\"uagb-heading-text\"><mark style=\"background-color:rgba(0, 0, 0, 0)\" class=\"has-inline-color has-ast-global-color-0-color\">1. Aviso Legal<\/mark><\/h2><\/div>\n\n\n\n<div class=\"wp-block-uagb-advanced-heading uagb-block-ca697c9b\"><h2 class=\"uagb-heading-text\"><strong>GRUPO PITTI<\/strong> en cumplimiento de lo dispuesto en la <em>&nbsp;Ley 81 de 26 de marzo de 2019, <mark style=\"background-color:rgba(0, 0, 0, 0)\" class=\"has-inline-color has-ast-global-color-0-color\">\u201cSobre Protecci\u00f3n De Datos Personales\u201d, Gaceta Oficial N\u00b0 28743-A. Rep\u00fablica de Panam\u00e1, de Servicios de la Sociedad de la Informaci\u00f3n y Comercio Electr\u00f3nico,<\/mark><\/em> le informa que es una sociedad inscrita en el [<strong>Registro<\/strong>], con los siguientes datos:<\/h2><\/div>\n\n\n\n<div class=\"wp-block-uagb-advanced-heading uagb-block-808c8561\"><h2 class=\"uagb-heading-text\"><strong>Denominaci\u00f3n social<\/strong>:<strong> GRUPO PITTI<\/strong><\/h2><\/div>\n\n\n\n<div class=\"wp-block-uagb-advanced-heading uagb-block-25812990\"><h2 class=\"uagb-heading-text\"><strong>RUC<\/strong>:<strong> <\/strong>XXX-XXX-XXX<\/h2><\/div>\n\n\n\n<div class=\"wp-block-uagb-advanced-heading uagb-block-8ec3eb03\"><h2 class=\"uagb-heading-text\"><strong>Domicio social<\/strong>:<strong> Panam\u00e1 Oeste, La Chorrera<\/strong><\/h2><\/div>\n\n\n\n<div class=\"wp-block-uagb-advanced-heading uagb-block-8a580631\"><h2 class=\"uagb-heading-text\"><strong>Contacto<\/strong>: <strong>66343797 \/ info@grupopitti.com<\/strong><\/h2><\/div>\n\n\n\n<div class=\"wp-block-uagb-advanced-heading uagb-block-5c52e462\"><h2 class=\"uagb-heading-text\">La sociedad <strong>GRUPO PITTI<\/strong> es propietaria del dominio <strong>http:\/\/grupopitti.com<\/strong> y de las p\u00e1ginas en internet a las que se acceda a trav\u00e9s de dicho dominio y est\u00e9n alojadas en \u00e9l.<\/h2><\/div>\n\n\n\n<div class=\"wp-block-uagb-advanced-heading uagb-block-5c6dfdf6\"><h2 class=\"uagb-heading-text\">Este sitio web no puede garantizar su disponibilidad permanente, ni la ausencia de virus u otros elementos lesivos que pudieran ocasionar da\u00f1os a sistemas inform\u00e1ticos. Asimismo, no se hace responsable de los da\u00f1os y perjuicios directos o indirectos derivados del uso o acceso a dicho sitio.<\/h2><\/div>\n\n\n\n<div class=\"wp-block-uagb-advanced-heading uagb-block-6eb2f5d5\"><h2 class=\"uagb-heading-text\"><mark style=\"background-color:rgba(0, 0, 0, 0)\" class=\"has-inline-color has-ast-global-color-0-color\">2. Condiciones de Uso<\/mark><\/h2><\/div>\n\n\n\n<div class=\"wp-block-uagb-advanced-heading uagb-block-d432a841\"><h2 class=\"uagb-heading-text\">La utilizaci\u00f3n de&nbsp;<strong>grupopitti.com<\/strong> otorga la condici\u00f3n de&nbsp;<strong>Usuario<\/strong>&nbsp;de&nbsp;<strong>grupopitti.com<\/strong>, bien sea persona f\u00edsica o jur\u00eddica y obligatoriamente implica la aceptaci\u00f3n completa, plena y sin reservas de todas y cada una de las cl\u00e1usulas y condiciones generales incluidas en el Aviso Legal. Si el&nbsp;<strong>Usuario<\/strong>&nbsp;no estuviera conforme con las cl\u00e1usulas y condiciones de uso de este Aviso Legal, se abstendr\u00e1 de utilizar&nbsp;<strong>grupopitti.com<\/strong>. Este Aviso Legal est\u00e1 sujeto a cambios y actualizaciones por lo que la versi\u00f3n publicada por&nbsp;<strong>Grupo Pitti Panam\u00e1<\/strong>&nbsp;puede ser diferente en cada momento en que el&nbsp;<strong>Usuario<\/strong>&nbsp;acceda al Portal. Por tanto, el&nbsp;<strong>Usuario<\/strong>&nbsp;debe leer el Aviso Legal en todas y cada una de las ocasiones en que acceda a&nbsp;<strong>grupopitti.com<\/strong>.<\/h2><\/div>\n\n\n\n<div class=\"wp-block-uagb-advanced-heading uagb-block-7b84254e\"><h2 class=\"uagb-heading-text\">A trav\u00e9s de&nbsp;<strong>grupopitti.com<\/strong>,&nbsp;<strong>Grupo Pitti Panam\u00e1<\/strong>&nbsp;facilita al&nbsp;<strong>Usuario<\/strong>&nbsp;el acceso y la utilizaci\u00f3n de diversos Contenidos publicados por medio de Internet por&nbsp;<strong>Grupo Pitti Panam\u00e1<\/strong>&nbsp;o por terceros autorizados.<\/h2><\/div>\n\n\n\n<div class=\"wp-block-uagb-advanced-heading uagb-block-0bfbccfd\"><h2 class=\"uagb-heading-text\">El&nbsp;<strong>Usuario<\/strong>&nbsp;est\u00e1 obligado y se compromete a utilizar&nbsp;<strong>grupopitti.com<\/strong> y los Contenidos de conformidad con la legislaci\u00f3n vigente, el Aviso Legal, y cualquier otro aviso o instrucciones puestos en su conocimiento, bien sea por medio de este aviso legal o en cualquier otro lugar dentro de los Contenidos que conforman&nbsp;<strong>grupopitti.com<\/strong>, como son las normas de convivencia, la moral y buenas costumbres generalmente aceptadas. A tal efecto, el&nbsp;<strong>Usuario<\/strong>&nbsp;se obliga y compromete a NO utilizar cualquiera de los Contenidos con fines o efectos il\u00edcitos, prohibidos en el Aviso Legal o por la legislaci\u00f3n vigente, lesivos de los derechos e intereses de terceros, o que de cualquier forma puedan da\u00f1ar, inutilizar, sobrecargar, deteriorar o impedir la normal utilizaci\u00f3n de los Contenidos, los equipos inform\u00e1ticos o los documentos, archivos y toda clase de contenidos almacenados en cualquier equipo inform\u00e1tico propios o contratados por&nbsp;<strong>Grupo Pitti Panam\u00e1<\/strong>&nbsp;, de otro&nbsp;<strong>USUARIO<\/strong>&nbsp;o de cualquier usuario de Internet (hardware y software).<\/h2><\/div>\n\n\n\n<div class=\"wp-block-uagb-advanced-heading uagb-block-48d900c8\"><h2 class=\"uagb-heading-text\">El&nbsp;<strong>Usuario<\/strong>&nbsp;se obliga y se compromete a no transmitir, difundir o poner a disposici\u00f3n de terceros cualquier clase de material contenido en&nbsp;<strong>grupopitti.com<\/strong>, tales como informaciones, textos, datos, contenidos, mensajes, gr\u00e1ficos, dibujos, archivos de sonido y\/o imagen, fotograf\u00edas, grabaciones, software, logotipos, marcas, iconos, tecnolog\u00eda, fotograf\u00edas, software, enlaces, dise\u00f1o gr\u00e1fico y c\u00f3digos fuente, o cualquier otro material al que tuviera acceso en su condici\u00f3n de&nbsp;<strong>Usuario<\/strong>&nbsp;de&nbsp;<strong>grupopitti.com<\/strong>, sin que esta enumeraci\u00f3n tenga car\u00e1cter limitativo. Asimismo, de conformidad con todo ello, el&nbsp;<strong>Usuario<\/strong>&nbsp;no podr\u00e1:<\/h2><\/div>\n\n\n\n<div class=\"wp-block-uagb-advanced-heading uagb-block-a03e21fe\"><h2 class=\"uagb-heading-text\">_ Reproducir, copiar, distribuir, poner a disposici\u00f3n o de cualquier otra forma comunicar p\u00fablicamente, transformar o modificar los Contenidos, a menos que se cuente con la autorizaci\u00f3n escrita y expl\u00edcita de&nbsp;<strong>Grupo Pitti Panam\u00e1<\/strong>, que es titular de los correspondientes derechos, o bien que ello resulte legalmente permitido.<\/h2><\/div>\n\n\n\n<div class=\"wp-block-uagb-advanced-heading uagb-block-3fab3634\"><h2 class=\"uagb-heading-text\">_ Suprimir, manipular o de cualquier forma alterar el \u201ccopyright\u201d y dem\u00e1s datos identificativos de la reserva de derechos de&nbsp;<strong>Grupo Pitti Panam\u00e1<\/strong>&nbsp;o de sus titulares, de las huellas y\/o identificadores digitales, marcas de agua, o de cualesquiera otros medios t\u00e9cnicos establecidos para su reconocimiento.<\/h2><\/div>\n\n\n\n<div class=\"wp-block-uagb-advanced-heading uagb-block-7959eee6\"><h2 class=\"uagb-heading-text\">El&nbsp;<strong>Usuario<\/strong>&nbsp;deber\u00e1 abstenerse de obtener e incluso de intentar obtener los Contenidos empleando para ello medios o procedimientos distintos de los que, seg\u00fan los casos, se hayan puesto a su disposici\u00f3n a este efecto o se hayan indicado a este efecto en las p\u00e1ginas web donde se encuentren los Contenidos o, en general, de los que se empleen habitualmente en Internet a este efecto siempre que no entra\u00f1en un riesgo de da\u00f1o o inutilizaci\u00f3n de&nbsp;<strong>grupopitti.com<\/strong>, y\/o de los Contenidos.<\/h2><\/div>\n\n\n\n<div class=\"wp-block-uagb-advanced-heading uagb-block-0b6f1382\"><h2 class=\"uagb-heading-text\"><mark style=\"background-color:rgba(0, 0, 0, 0)\" class=\"has-inline-color has-ast-global-color-0-color\">3. Propiedad Intelectual<\/mark><\/h2><\/div>\n\n\n\n<div class=\"wp-block-uagb-advanced-heading uagb-block-da57fb01\"><h2 class=\"uagb-heading-text\">Todos los contenidos del sitio web <strong>grupopitti.com<\/strong>, ya sean fotograf\u00edas, im\u00e1genes, dibujos, textos, audio, video, animaciones, software, c\u00f3digos fuente, logotipos y dise\u00f1o, est\u00e1n protegidos por la normativa de Propiedad Intelectual e Industrial, en particular por la <em><mark style=\"background-color:rgba(0, 0, 0, 0)\" class=\"has-inline-color has-ast-global-color-0-color\">Ley No. 15 del 8 de agosto de 1994, Gaceta Oficial N\u00b0 22598,&nbsp;\u201cPor la cual se aprueba la Ley sobre el Derecho de Autor y Derechos Conexos y se dictan otras disposiciones\u201d, y la Ley 64 de 10 de octubre de 2012, Gaceta Oficial N\u00b0 27139-B,&nbsp;\u201cSobre Derecho de Autor y Derechos Conexos\u201d.<\/mark><\/em><\/h2><\/div>\n\n\n\n<div class=\"wp-block-uagb-advanced-heading uagb-block-1bde3f8d\"><h2 class=\"uagb-heading-text\">Los derechos sobre los contenidos pertenecen a <strong>Grupo Pitti Panam\u00e1<\/strong>&nbsp;o, en su caso, a terceros. En ning\u00fan caso el acceso a <strong>grupopitti.com<\/strong> implica cesi\u00f3n, transmisi\u00f3n o cualquier otro tipo de renuncia ni total ni parcial, de los derechos de Propiedad Intelectual o Industrial.<\/h2><\/div>\n\n\n\n<div class=\"wp-block-uagb-advanced-heading uagb-block-1efa35ab\"><h2 class=\"uagb-heading-text\">El usuario del sitio web deber\u00e1 abstenerse de suprimir, alterar, eludir o manipular cualquiera de los dispositivos de protecci\u00f3n o sistemas de seguridad que puedan estar instalados en la misma.<\/h2><\/div>\n\n\n\n<div class=\"wp-block-uagb-advanced-heading uagb-block-cf08ea81\"><h2 class=\"uagb-heading-text\">No se permite la reproducci\u00f3n y\/o publicaci\u00f3n, total o parcial, del sitio web, ni su tratamiento inform\u00e1tico, o su distribuci\u00f3n, su difusi\u00f3n, su reventa, su transformaci\u00f3n u otra actividad realizable con los contenidos de sus p\u00e1ginas web, ni aun citando las fuentes utilizadas sin el permiso previo y por escrito del mismo por <strong>Grupo Pitti Panam\u00e1<\/strong>, dando lugar a la responsabilidad establecida legalmente.<\/h2><\/div>\n\n\n\n<div class=\"wp-block-uagb-advanced-heading uagb-block-33cc9ef3\"><h2 class=\"uagb-heading-text\">El usuario, \u00fanica y exclusivamente, puede utilizar el material que aparezca en este sitio web para su uso personal y privado, quedando prohibido su uso con fines comerciales. Todos los derechos derivados de la propiedad intelectual est\u00e1n expresamente reservados por&nbsp;<strong>Grupo Pitti Panam\u00e1<\/strong> ejercitando todas las acciones civiles y penales que le correspondan en el caso de infracci\u00f3n o incumplimiento de estos derechos por parte del usuario.<\/h2><\/div>\n\n\n\n<div class=\"wp-block-uagb-advanced-heading uagb-block-ebaafb6b\"><h2 class=\"uagb-heading-text\"><mark style=\"background-color:rgba(0, 0, 0, 0)\" class=\"has-inline-color has-ast-global-color-0-color\">4. LIMITACI\u00d3N DE RESPONSABILIDAD<\/mark><\/h2><\/div>\n\n\n\n<div class=\"wp-block-uagb-advanced-heading uagb-block-fd405beb\"><h2 class=\"uagb-heading-text\"><strong>Grupo Pitti Panam\u00e1<\/strong>&nbsp;excluye toda responsabilidad por las decisiones que el&nbsp;<strong>Usuario<\/strong>&nbsp;pueda tomar basado en esta informaci\u00f3n, as\u00ed como por los posibles errores tipogr\u00e1ficos que puedan contener los documentos y gr\u00e1ficos de&nbsp;<strong>grupopitti.com<\/strong>. La informaci\u00f3n est\u00e1 sometida a posibles cambios peri\u00f3dicos sin previo aviso de su contenido por ampliaci\u00f3n, mejora, correcci\u00f3n o actualizaci\u00f3n de los Contenidos.<\/h2><\/div>\n\n\n\n<div class=\"wp-block-uagb-advanced-heading uagb-block-b2703c4c\"><h2 class=\"uagb-heading-text\"><mark style=\"background-color:rgba(0, 0, 0, 0)\" class=\"has-inline-color has-ast-global-color-0-color\">5. NOTIFICACIONES<\/mark><\/h2><\/div>\n\n\n\n<div class=\"wp-block-uagb-advanced-heading uagb-block-e5353e95\"><h2 class=\"uagb-heading-text\">Todas las notificaciones y comunicaciones por parte de&nbsp;<strong>Grupo Pitti Panam\u00e1<\/strong>&nbsp;al&nbsp;<strong>Usuario<\/strong>&nbsp;realizados por cualquier medio se considerar\u00e1n eficaces a todos los efectos.<\/h2><\/div>\n\n\n\n<div class=\"wp-block-uagb-advanced-heading uagb-block-0485d20c\"><h2 class=\"uagb-heading-text\"><mark style=\"background-color:rgba(0, 0, 0, 0)\" class=\"has-inline-color has-ast-global-color-0-color\">6. JURISDICCI\u00d3N<\/mark><\/h2><\/div>\n\n\n\n<div class=\"wp-block-uagb-advanced-heading uagb-block-2c8425fa\"><h2 class=\"uagb-heading-text\">Para cuantas cuestiones se susciten sobre la interpretaci\u00f3n, aplicaci\u00f3n y cumplimiento de este Aviso Legal, as\u00ed como de las reclamaciones que puedan derivarse de su uso, todas las partes intervinientes se someten a los Jueces y Tribunales de la provincia de Panam\u00e1 Oeste, renunciando de forma expresa a cualquier otro fuero que pudiera corresponderles.<\/h2><\/div>\n\n\n\n<div class=\"wp-block-uagb-advanced-heading uagb-block-8f905425\"><h2 class=\"uagb-heading-text\"><mark style=\"background-color:rgba(0, 0, 0, 0)\" class=\"has-inline-color has-ast-global-color-0-color\">7. LEGISLACI\u00d3N APLICABLE<\/mark><\/h2><\/div>\n\n\n\n<div class=\"wp-block-uagb-advanced-heading uagb-block-01ae5cf5\"><h2 class=\"uagb-heading-text\">El presente Aviso Legal se rige por la normativa paname\u00f1a vigente.<\/h2><\/div>\n<\/div><\/div>\n\n\n\n<div class=\"wp-block-uagb-container uagb-block-af6e9261 alignfull uagb-is-root-container\"><div class=\"uagb-container-inner-blocks-wrap\"><\/div><\/div>","protected":false},"excerpt":{"rendered":"<p>1. Aviso Legal GRUPO PITTI en cumplimiento de lo dispuesto en la &nbsp;Ley 81 de 26 de marzo de 2019, \u201cSobre Protecci\u00f3n De Datos Personales\u201d, Gaceta Oficial N\u00b0 28743-A. Rep\u00fablica de Panam\u00e1, de Servicios de la Sociedad de la Informaci\u00f3n y Comercio Electr\u00f3nico, le informa que es una sociedad inscrita en el [Registro], con los [&hellip;]<\/p>","protected":false},"author":1,"featured_media":0,"parent":0,"menu_order":0,"comment_status":"closed","ping_status":"closed","template":"","meta":{"_eb_attr":"","_uag_custom_page_level_css":"","site-sidebar-layout":"default","site-content-layout":"","ast-site-content-layout":"default","site-content-style":"default","site-sidebar-style":"default","ast-global-header-display":"","ast-banner-title-visibility":"","ast-main-header-display":"","ast-hfb-above-header-display":"","ast-hfb-below-header-display":"","ast-hfb-mobile-header-display":"","site-post-title":"disabled","ast-breadcrumbs-content":"","ast-featured-img":"","footer-sml-layout":"","theme-transparent-header-meta":"","adv-header-id-meta":"","stick-header-meta":"","header-above-stick-meta":"","header-main-stick-meta":"","header-below-stick-meta":"","astra-migrate-meta-layouts":"default","ast-page-background-enabled":"default","ast-page-background-meta":{"desktop":{"background-color":"var(--ast-global-color-4)","background-image":"","background-repeat":"repeat","background-position":"center center","background-size":"auto","background-attachment":"scroll","background-type":"","background-media":"","overlay-type":"","overlay-color":"","overlay-opacity":"","overlay-gradient":""},"tablet":{"background-color":"","background-image":"","background-repeat":"repeat","background-position":"center center","background-size":"auto","background-attachment":"scroll","background-type":"","background-media":"","overlay-type":"","overlay-color":"","overlay-opacity":"","overlay-gradient":""},"mobile":{"background-color":"","background-image":"","background-repeat":"repeat","background-position":"center center","background-size":"auto","background-attachment":"scroll","background-type":"","background-media":"","overlay-type":"","overlay-color":"","overlay-opacity":"","overlay-gradient":""}},"ast-content-background-meta":{"desktop":{"background-color":"var(--ast-global-color-5)","background-image":"","background-repeat":"repeat","background-position":"center center","background-size":"auto","background-attachment":"scroll","background-type":"","background-media":"","overlay-type":"","overlay-color":"","overlay-opacity":"","overlay-gradient":""},"tablet":{"background-color":"var(--ast-global-color-5)","background-image":"","background-repeat":"repeat","background-position":"center center","background-size":"auto","background-attachment":"scroll","background-type":"","background-media":"","overlay-type":"","overlay-color":"","overlay-opacity":"","overlay-gradient":""},"mobile":{"background-color":"var(--ast-global-color-5)","background-image":"","background-repeat":"repeat","background-position":"center center","background-size":"auto","background-attachment":"scroll","background-type":"","background-media":"","overlay-type":"","overlay-color":"","overlay-opacity":"","overlay-gradient":""}},"footnotes":""},"class_list":["post-3716","page","type-page","status-publish","hentry"],"yoast_head":"<!-- This site is optimized with the Yoast SEO plugin v25.5 - https:\/\/yoast.com\/wordpress\/plugins\/seo\/ -->\n<title>Aviso Legal &#8212; grupopitti<\/title>\n<meta name=\"robots\" content=\"noindex, follow\" \/>\n<meta property=\"og:locale\" content=\"en_US\" \/>\n<meta property=\"og:type\" content=\"article\" \/>\n<meta property=\"og:title\" content=\"Aviso Legal &#8212; grupopitti\" \/>\n<meta property=\"og:description\" content=\"1. Aviso Legal GRUPO PITTI en cumplimiento de lo dispuesto en la &nbsp;Ley 81 de 26 de marzo de 2019, \u201cSobre Protecci\u00f3n De Datos Personales\u201d, Gaceta Oficial N\u00b0 28743-A. Rep\u00fablica de Panam\u00e1, de Servicios de la Sociedad de la Informaci\u00f3n y Comercio Electr\u00f3nico, le informa que es una sociedad inscrita en el [Registro], con los [&hellip;]\" \/>\n<meta property=\"og:url\" content=\"https:\/\/grupopitti.com\/en\/aviso-legal\/\" \/>\n<meta property=\"og:site_name\" content=\"grupopitti\" \/>\n<meta property=\"article:modified_time\" content=\"2023-10-11T20:32:31+00:00\" \/>\n<meta name=\"twitter:card\" content=\"summary_large_image\" \/>\n<meta name=\"twitter:label1\" content=\"Est. reading time\" \/>\n\t<meta name=\"twitter:data1\" content=\"6 minutes\" \/>\n<script type=\"application\/ld+json\" class=\"yoast-schema-graph\">{\"@context\":\"https:\/\/schema.org\",\"@graph\":[{\"@type\":\"WebPage\",\"@id\":\"https:\/\/grupopitti.com\/aviso-legal\/\",\"url\":\"https:\/\/grupopitti.com\/aviso-legal\/\",\"name\":\"Aviso Legal &#8212; grupopitti\",\"isPartOf\":{\"@id\":\"https:\/\/grupopitti.com\/#website\"},\"datePublished\":\"2023-06-29T19:52:41+00:00\",\"dateModified\":\"2023-10-11T20:32:31+00:00\",\"breadcrumb\":{\"@id\":\"https:\/\/grupopitti.com\/aviso-legal\/#breadcrumb\"},\"inLanguage\":\"en-US\",\"potentialAction\":[{\"@type\":\"ReadAction\",\"target\":[\"https:\/\/grupopitti.com\/aviso-legal\/\"]}]},{\"@type\":\"BreadcrumbList\",\"@id\":\"https:\/\/grupopitti.com\/aviso-legal\/#breadcrumb\",\"itemListElement\":[{\"@type\":\"ListItem\",\"position\":1,\"name\":\"Portada\",\"item\":\"https:\/\/grupopitti.com\/\"},{\"@type\":\"ListItem\",\"position\":2,\"name\":\"Aviso Legal\"}]},{\"@type\":\"WebSite\",\"@id\":\"https:\/\/grupopitti.com\/#website\",\"url\":\"https:\/\/grupopitti.com\/\",\"name\":\"grupopitti\",\"description\":\"Empresa de Construcci\u00f3n\",\"publisher\":{\"@id\":\"https:\/\/grupopitti.com\/#organization\"},\"alternateName\":\"Constructora Pitti\",\"potentialAction\":[{\"@type\":\"SearchAction\",\"target\":{\"@type\":\"EntryPoint\",\"urlTemplate\":\"https:\/\/grupopitti.com\/?s={search_term_string}\"},\"query-input\":{\"@type\":\"PropertyValueSpecification\",\"valueRequired\":true,\"valueName\":\"search_term_string\"}}],\"inLanguage\":\"en-US\"},{\"@type\":\"Organization\",\"@id\":\"https:\/\/grupopitti.com\/#organization\",\"name\":\"grupopitti\",\"url\":\"https:\/\/grupopitti.com\/\",\"logo\":{\"@type\":\"ImageObject\",\"inLanguage\":\"en-US\",\"@id\":\"https:\/\/grupopitti.com\/#\/schema\/logo\/image\/\",\"url\":\"https:\/\/grupopitti.com\/wp-content\/uploads\/2023\/02\/LogoGrupoP.png\",\"contentUrl\":\"https:\/\/grupopitti.com\/wp-content\/uploads\/2023\/02\/LogoGrupoP.png\",\"width\":350,\"height\":57,\"caption\":\"grupopitti\"},\"image\":{\"@id\":\"https:\/\/grupopitti.com\/#\/schema\/logo\/image\/\"},\"sameAs\":[\"https:\/\/www.instagram.com\/grupo.pitti\/\"]}]}<\/script>\n<!-- \/ Yoast SEO plugin. -->","yoast_head_json":{"title":"Aviso Legal &#8212; grupopitti","robots":{"index":"noindex","follow":"follow"},"og_locale":"en_US","og_type":"article","og_title":"Aviso Legal &#8212; grupopitti","og_description":"1. Aviso Legal GRUPO PITTI en cumplimiento de lo dispuesto en la &nbsp;Ley 81 de 26 de marzo de 2019, \u201cSobre Protecci\u00f3n De Datos Personales\u201d, Gaceta Oficial N\u00b0 28743-A. Rep\u00fablica de Panam\u00e1, de Servicios de la Sociedad de la Informaci\u00f3n y Comercio Electr\u00f3nico, le informa que es una sociedad inscrita en el [Registro], con los [&hellip;]","og_url":"https:\/\/grupopitti.com\/en\/aviso-legal\/","og_site_name":"grupopitti","article_modified_time":"2023-10-11T20:32:31+00:00","twitter_card":"summary_large_image","twitter_misc":{"Est. reading time":"6 minutes"},"schema":{"@context":"https:\/\/schema.org","@graph":[{"@type":"WebPage","@id":"https:\/\/grupopitti.com\/aviso-legal\/","url":"https:\/\/grupopitti.com\/aviso-legal\/","name":"Aviso Legal &#8212; grupopitti","isPartOf":{"@id":"https:\/\/grupopitti.com\/#website"},"datePublished":"2023-06-29T19:52:41+00:00","dateModified":"2023-10-11T20:32:31+00:00","breadcrumb":{"@id":"https:\/\/grupopitti.com\/aviso-legal\/#breadcrumb"},"inLanguage":"en-US","potentialAction":[{"@type":"ReadAction","target":["https:\/\/grupopitti.com\/aviso-legal\/"]}]},{"@type":"BreadcrumbList","@id":"https:\/\/grupopitti.com\/aviso-legal\/#breadcrumb","itemListElement":[{"@type":"ListItem","position":1,"name":"Portada","item":"https:\/\/grupopitti.com\/"},{"@type":"ListItem","position":2,"name":"Aviso Legal"}]},{"@type":"WebSite","@id":"https:\/\/grupopitti.com\/#website","url":"https:\/\/grupopitti.com\/","name":"grupopitti","description":"Empresa de Construcci\u00f3n","publisher":{"@id":"https:\/\/grupopitti.com\/#organization"},"alternateName":"Constructora Pitti","potentialAction":[{"@type":"SearchAction","target":{"@type":"EntryPoint","urlTemplate":"https:\/\/grupopitti.com\/?s={search_term_string}"},"query-input":{"@type":"PropertyValueSpecification","valueRequired":true,"valueName":"search_term_string"}}],"inLanguage":"en-US"},{"@type":"Organization","@id":"https:\/\/grupopitti.com\/#organization","name":"grupopitti","url":"https:\/\/grupopitti.com\/","logo":{"@type":"ImageObject","inLanguage":"en-US","@id":"https:\/\/grupopitti.com\/#\/schema\/logo\/image\/","url":"https:\/\/grupopitti.com\/wp-content\/uploads\/2023\/02\/LogoGrupoP.png","contentUrl":"https:\/\/grupopitti.com\/wp-content\/uploads\/2023\/02\/LogoGrupoP.png","width":350,"height":57,"caption":"grupopitti"},"image":{"@id":"https:\/\/grupopitti.com\/#\/schema\/logo\/image\/"},"sameAs":["https:\/\/www.instagram.com\/grupo.pitti\/"]}]}},"uagb_featured_image_src":{"full":false,"thumbnail":false,"medium":false,"medium_large":false,"large":false,"1536x1536":false,"2048x2048":false,"trp-custom-language-flag":false},"uagb_author_info":{"display_name":"root","author_link":"https:\/\/grupopitti.com\/en\/author\/root\/"},"uagb_comment_info":0,"uagb_excerpt":"1. Aviso Legal GRUPO PITTI en cumplimiento de lo dispuesto en la &nbsp;Ley 81 de 26 de marzo de 2019, \u201cSobre Protecci\u00f3n De Datos Personales\u201d, Gaceta Oficial N\u00b0 28743-A. Rep\u00fablica de Panam\u00e1, de Servicios de la Sociedad de la Informaci\u00f3n y Comercio Electr\u00f3nico, le informa que es una sociedad inscrita en el [Registro], con los&hellip;","_links":{"self":[{"href":"https:\/\/grupopitti.com\/en\/wp-json\/wp\/v2\/pages\/3716"}],"collection":[{"href":"https:\/\/grupopitti.com\/en\/wp-json\/wp\/v2\/pages"}],"about":[{"href":"https:\/\/grupopitti.com\/en\/wp-json\/wp\/v2\/types\/page"}],"author":[{"embeddable":true,"href":"https:\/\/grupopitti.com\/en\/wp-json\/wp\/v2\/users\/1"}],"replies":[{"embeddable":true,"href":"https:\/\/grupopitti.com\/en\/wp-json\/wp\/v2\/comments?post=3716"}],"version-history":[{"count":17,"href":"https:\/\/grupopitti.com\/en\/wp-json\/wp\/v2\/pages\/3716\/revisions"}],"predecessor-version":[{"id":4568,"href":"https:\/\/grupopitti.com\/en\/wp-json\/wp\/v2\/pages\/3716\/revisions\/4568"}],"wp:attachment":[{"href":"https:\/\/grupopitti.com\/en\/wp-json\/wp\/v2\/media?parent=3716"}],"curies":[{"name":"wp","href":"https:\/\/api.w.org\/{rel}","templated":true}]}}